{"id":9983,"date":"2022-02-28T17:46:31","date_gmt":"2022-02-28T14:46:31","guid":{"rendered":"https:\/\/derimoshop.com\/?post_type=product&#038;p=9983"},"modified":"2024-05-23T16:25:08","modified_gmt":"2024-05-23T13:25:08","slug":"laptop-ve-evrak-cantasi-5","status":"publish","type":"product","link":"https:\/\/derimoshop.com\/index.php\/product\/laptop-ve-evrak-cantasi-5\/","title":{"rendered":"Laptop ve Evrak \u00c7antas\u0131"},"content":{"rendered":"<p>Hakiki Deriden \u0130mal Edilmi\u015ftir.<\/p>\n<p>Metal Aksesuar Kullan\u0131lm\u0131\u015ft\u0131r.<\/p>\n<p>Elde ve Omuzda Ta\u015f\u0131maya Uygundur.<\/p>\n<p>\u00dcr\u00fcn \u00d6l\u00e7\u00fcleri; 40cm x 29cm<\/p>\n<p>\u00dcr\u00fcn D\u0131\u015f\u0131nda Bir Adet Fermuarl\u0131 B\u00f6lme.\u00dcr\u00fcn \u0130\u00e7inde;Bir Adet Fermuarl\u0131 Hazne,2 Adet b\u00f6lme,2 adet Kalemlik ve\u00a0 Biri Fermuarl\u0131 Olmak \u00dczere \u00dc\u00e7 Adet Cep Bulunmaktad\u0131r.<\/p>\n","protected":false},"excerpt":{"rendered":"<h3><em>#KaliteyiBa\u015fkaYerdeArama<\/em><\/h3>\n<h6>Renk: KAHVERENG\u0130(KROKO)<\/h6>\n<h6>Kod: 1796<\/h6>\n<h6>Marka: DER\u0130MO LEATHER<\/h6>\n","protected":false},"featured_media":9970,"comment_status":"open","ping_status":"closed","template":"","meta":[],"product_cat":[64],"product_tag":[],"_links":{"self":[{"href":"https:\/\/derimoshop.com\/index.php\/wp-json\/wp\/v2\/product\/9983"}],"collection":[{"href":"https:\/\/derimoshop.com\/index.php\/wp-json\/wp\/v2\/product"}],"about":[{"href":"https:\/\/derimoshop.com\/index.php\/wp-json\/wp\/v2\/types\/product"}],"replies":[{"embeddable":true,"href":"https:\/\/derimoshop.com\/index.php\/wp-json\/wp\/v2\/comments?post=9983"}],"wp:featuredmedia":[{"embeddable":true,"href":"https:\/\/derimoshop.com\/index.php\/wp-json\/wp\/v2\/media\/9970"}],"wp:attachment":[{"href":"https:\/\/derimoshop.com\/index.php\/wp-json\/wp\/v2\/media?parent=9983"}],"wp:term":[{"taxonomy":"product_cat","embeddable":true,"href":"https:\/\/derimoshop.com\/index.php\/wp-json\/wp\/v2\/product_cat?post=9983"},{"taxonomy":"product_tag","embeddable":true,"href":"https:\/\/derimoshop.com\/index.php\/wp-json\/wp\/v2\/product_tag?post=9983"}],"curies":[{"name":"wp","href":"https:\/\/api.w.org\/{rel}","templated":true}]}}