{"id":9952,"date":"2022-02-10T19:53:17","date_gmt":"2022-02-10T16:53:17","guid":{"rendered":"https:\/\/derimoshop.com\/?post_type=product&#038;p=9952"},"modified":"2024-05-23T16:28:48","modified_gmt":"2024-05-23T13:28:48","slug":"deri-evrak-cantasi-26","status":"publish","type":"product","link":"https:\/\/derimoshop.com\/index.php\/product\/deri-evrak-cantasi-26\/","title":{"rendered":"Deri Evrak \u00c7antas\u0131"},"content":{"rendered":"<p><strong>\u00dcr\u00fcn\u00fcm\u00fcz Hakiki Deriden \u0130mal Edilmi\u015ftir.<\/strong><\/p>\n<p><strong>Farkl\u0131 Renk Se\u00e7enekleri Mevcuttur.<\/strong><\/p>\n<p><strong>Metal Fermuar ve Aksesuarlar Kullan\u0131lm\u0131\u015ft\u0131r.<\/strong><\/p>\n<p><strong>\u00dcr\u00fcn \u00d6l\u00e7\u00fcleri;\u00a0 35cm x\u00a0 26cm\u00a0 x 7 cm<\/strong><\/p>\n<p><strong>\u00dcr\u00fcn\u00fcn \u0130\u00e7inde \u0130\u00e7erisinde \u0130ki Adet B\u00f6lme,Bir Adet Fermuarl\u0131 Hazne ve \u0130ki Adet Cep Bulunmaktad\u0131r.<\/strong><\/p>\n","protected":false},"excerpt":{"rendered":"<p><em><strong>#KaliteyiBa\u015fkaYerdeArama<\/strong><\/em><\/p>\n<h6>Renk: S\u0130YAH KROKO<\/h6>\n<h6>Kod: 1005<\/h6>\n<h6>Marka: DER\u0130MO LEATHER<\/h6>\n","protected":false},"featured_media":9953,"comment_status":"open","ping_status":"closed","template":"","meta":[],"product_cat":[64],"product_tag":[],"_links":{"self":[{"href":"https:\/\/derimoshop.com\/index.php\/wp-json\/wp\/v2\/product\/9952"}],"collection":[{"href":"https:\/\/derimoshop.com\/index.php\/wp-json\/wp\/v2\/product"}],"about":[{"href":"https:\/\/derimoshop.com\/index.php\/wp-json\/wp\/v2\/types\/product"}],"replies":[{"embeddable":true,"href":"https:\/\/derimoshop.com\/index.php\/wp-json\/wp\/v2\/comments?post=9952"}],"wp:featuredmedia":[{"embeddable":true,"href":"https:\/\/derimoshop.com\/index.php\/wp-json\/wp\/v2\/media\/9953"}],"wp:attachment":[{"href":"https:\/\/derimoshop.com\/index.php\/wp-json\/wp\/v2\/media?parent=9952"}],"wp:term":[{"taxonomy":"product_cat","embeddable":true,"href":"https:\/\/derimoshop.com\/index.php\/wp-json\/wp\/v2\/product_cat?post=9952"},{"taxonomy":"product_tag","embeddable":true,"href":"https:\/\/derimoshop.com\/index.php\/wp-json\/wp\/v2\/product_tag?post=9952"}],"curies":[{"name":"wp","href":"https:\/\/api.w.org\/{rel}","templated":true}]}}