{"id":9374,"date":"2021-12-05T16:57:46","date_gmt":"2021-12-05T13:57:46","guid":{"rendered":"https:\/\/derimoshop.com\/?post_type=product&#038;p=9374"},"modified":"2024-05-23T17:00:38","modified_gmt":"2024-05-23T14:00:38","slug":"derimoshop-laptop-ve-evrak-cntasi","status":"publish","type":"product","link":"https:\/\/derimoshop.com\/index.php\/product\/derimoshop-laptop-ve-evrak-cntasi\/","title":{"rendered":"Laptop ve Evrak \u00c7ntas\u0131"},"content":{"rendered":"<p>Hakiki Deriden \u0130mal Edilmi\u015ftir.<\/p>\n<p>Farkl\u0131 Renk Se\u00e7enekleri Mevcuutur.<\/p>\n<p>Elde ve Omuzda Ta\u015f\u0131nabilir.<\/p>\n<p>\u0130ki b\u00f6lmeli olup i\u00e7inde ekstradan Be\u015f b\u00f6lme daha Bulunmaktad\u0131r.<\/p>\n<p>\u00dcr\u00fcn \u00d6l\u00e7\u00fcleri ; 35cm &#8211; 26cm<\/p>\n<p>&nbsp;<\/p>\n","protected":false},"excerpt":{"rendered":"<h3><em>#KaliteyiBa\u015fkaYerdeArama<\/em><\/h3>\n<h6>Renk: KAHVERENG\u0130 (KROKO)<\/h6>\n<h6>Kod: 1015<\/h6>\n<h6>Marka: DER\u0130MO LEATHER<\/h6>\n","protected":false},"featured_media":9375,"comment_status":"open","ping_status":"closed","template":"","meta":[],"product_cat":[64],"product_tag":[],"_links":{"self":[{"href":"https:\/\/derimoshop.com\/index.php\/wp-json\/wp\/v2\/product\/9374"}],"collection":[{"href":"https:\/\/derimoshop.com\/index.php\/wp-json\/wp\/v2\/product"}],"about":[{"href":"https:\/\/derimoshop.com\/index.php\/wp-json\/wp\/v2\/types\/product"}],"replies":[{"embeddable":true,"href":"https:\/\/derimoshop.com\/index.php\/wp-json\/wp\/v2\/comments?post=9374"}],"wp:featuredmedia":[{"embeddable":true,"href":"https:\/\/derimoshop.com\/index.php\/wp-json\/wp\/v2\/media\/9375"}],"wp:attachment":[{"href":"https:\/\/derimoshop.com\/index.php\/wp-json\/wp\/v2\/media?parent=9374"}],"wp:term":[{"taxonomy":"product_cat","embeddable":true,"href":"https:\/\/derimoshop.com\/index.php\/wp-json\/wp\/v2\/product_cat?post=9374"},{"taxonomy":"product_tag","embeddable":true,"href":"https:\/\/derimoshop.com\/index.php\/wp-json\/wp\/v2\/product_tag?post=9374"}],"curies":[{"name":"wp","href":"https:\/\/api.w.org\/{rel}","templated":true}]}}