{"id":9371,"date":"2021-12-05T16:50:55","date_gmt":"2021-12-05T13:50:55","guid":{"rendered":"https:\/\/derimoshop.com\/?post_type=product&#038;p=9371"},"modified":"2022-03-15T14:26:03","modified_gmt":"2022-03-15T11:26:03","slug":"derimoshop-valiz-4","status":"publish","type":"product","link":"https:\/\/derimoshop.com\/index.php\/product\/derimoshop-valiz-4\/","title":{"rendered":"DerimoShop Valiz"},"content":{"rendered":"<p>\u00dcr\u00fcn\u00fcm\u00fcz Hakiki Deriden \u0130mal Edilmi\u015ftir.<\/p>\n<p>Metal Aksesuar Kullan\u0131lm\u0131\u015ft\u0131r.<\/p>\n<p>Farkl\u0131 Renk Se\u00e7enekleri Mevcuttur.<\/p>\n<p>\u0130ki Fermuar Giri\u015fi Bulunmaktad\u0131r.<\/p>\n<p>\u00dcr\u00fcn \u00d6l\u00e7\u00fcleri ; 52cm &#8211; 36cm<\/p>\n<p>&nbsp;<\/p>\n","protected":false},"excerpt":{"rendered":"<h3><em>#KaliteyiBa\u015fkaYerdeArama<\/em><\/h3>\n<h6>Renk: S\u0130YAH-BORDO<\/h6>\n<h6>Kod: 1020<\/h6>\n<h6>Marka: DER\u0130MO LEATHER<\/h6>\n","protected":false},"featured_media":9372,"comment_status":"open","ping_status":"closed","template":"","meta":[],"product_cat":[64],"product_tag":[],"_links":{"self":[{"href":"https:\/\/derimoshop.com\/index.php\/wp-json\/wp\/v2\/product\/9371"}],"collection":[{"href":"https:\/\/derimoshop.com\/index.php\/wp-json\/wp\/v2\/product"}],"about":[{"href":"https:\/\/derimoshop.com\/index.php\/wp-json\/wp\/v2\/types\/product"}],"replies":[{"embeddable":true,"href":"https:\/\/derimoshop.com\/index.php\/wp-json\/wp\/v2\/comments?post=9371"}],"wp:featuredmedia":[{"embeddable":true,"href":"https:\/\/derimoshop.com\/index.php\/wp-json\/wp\/v2\/media\/9372"}],"wp:attachment":[{"href":"https:\/\/derimoshop.com\/index.php\/wp-json\/wp\/v2\/media?parent=9371"}],"wp:term":[{"taxonomy":"product_cat","embeddable":true,"href":"https:\/\/derimoshop.com\/index.php\/wp-json\/wp\/v2\/product_cat?post=9371"},{"taxonomy":"product_tag","embeddable":true,"href":"https:\/\/derimoshop.com\/index.php\/wp-json\/wp\/v2\/product_tag?post=9371"}],"curies":[{"name":"wp","href":"https:\/\/api.w.org\/{rel}","templated":true}]}}