{"id":9341,"date":"2021-11-06T12:18:13","date_gmt":"2021-11-06T09:18:13","guid":{"rendered":"https:\/\/derimoshop.com\/?post_type=product&#038;p=9341"},"modified":"2024-05-23T16:40:21","modified_gmt":"2024-05-23T13:40:21","slug":"deri-evrak-cantasi-12","status":"publish","type":"product","link":"https:\/\/derimoshop.com\/index.php\/product\/deri-evrak-cantasi-12\/","title":{"rendered":"Deri Evrak \u00c7antas\u0131"},"content":{"rendered":"<p>Elde ve Omuzda Ta\u015f\u0131maya Uygundur.<\/p>\n<p>Hakiki Deriden \u0130mal Edilmi\u015ftir.<\/p>\n<p>\u00dcr\u00fcn \u00d6l\u00e7\u00fcleri; 41cm &#8211;\u00a0 31cm<\/p>\n<p>Farkl\u0131 Renk Se\u00e7enekleri Mevcuttur<\/p>\n","protected":false},"excerpt":{"rendered":"<h4>#<em>KaliteyiBa\u015fkaYerdeArama<\/em><\/h4>\n<h6>Renk: S\u0130YAH<\/h6>\n<h6>Kod: 1002<\/h6>\n<h6>Marka: DER\u0130MO LEATHER<\/h6>\n<p>&nbsp;<\/p>\n","protected":false},"featured_media":9319,"comment_status":"open","ping_status":"closed","template":"","meta":[],"product_cat":[64],"product_tag":[],"_links":{"self":[{"href":"https:\/\/derimoshop.com\/index.php\/wp-json\/wp\/v2\/product\/9341"}],"collection":[{"href":"https:\/\/derimoshop.com\/index.php\/wp-json\/wp\/v2\/product"}],"about":[{"href":"https:\/\/derimoshop.com\/index.php\/wp-json\/wp\/v2\/types\/product"}],"replies":[{"embeddable":true,"href":"https:\/\/derimoshop.com\/index.php\/wp-json\/wp\/v2\/comments?post=9341"}],"wp:featuredmedia":[{"embeddable":true,"href":"https:\/\/derimoshop.com\/index.php\/wp-json\/wp\/v2\/media\/9319"}],"wp:attachment":[{"href":"https:\/\/derimoshop.com\/index.php\/wp-json\/wp\/v2\/media?parent=9341"}],"wp:term":[{"taxonomy":"product_cat","embeddable":true,"href":"https:\/\/derimoshop.com\/index.php\/wp-json\/wp\/v2\/product_cat?post=9341"},{"taxonomy":"product_tag","embeddable":true,"href":"https:\/\/derimoshop.com\/index.php\/wp-json\/wp\/v2\/product_tag?post=9341"}],"curies":[{"name":"wp","href":"https:\/\/api.w.org\/{rel}","templated":true}]}}