{"id":9339,"date":"2021-11-06T12:14:19","date_gmt":"2021-11-06T09:14:19","guid":{"rendered":"https:\/\/derimoshop.com\/?post_type=product&#038;p=9339"},"modified":"2024-05-23T16:42:07","modified_gmt":"2024-05-23T13:42:07","slug":"derimoshop-deri-evrak-cantasi-7","status":"publish","type":"product","link":"https:\/\/derimoshop.com\/index.php\/product\/derimoshop-deri-evrak-cantasi-7\/","title":{"rendered":"DerimoShop Deri Evrak \u00c7antas\u0131"},"content":{"rendered":"<p>Elde ve Omuzda Ta\u015f\u0131maya Uygundur.<\/p>\n<p>Hakiki Deriden \u0130mal Edilmi\u015ftir.<\/p>\n<p>Farkl\u0131 Renk Se\u00e7enekleri Mevcuttur.<\/p>\n<p>\u00dcr\u00fcn \u00d6l\u00e7\u00fcleri;\u00a0 41cm\u00a0 \u2013\u00a0 30cm<\/p>\n<p>&nbsp;<\/p>\n","protected":false},"excerpt":{"rendered":"<h4>#<em>KaliteyiBa\u015fkaYerdeArama<\/em><\/h4>\n<h6>Renk: BORDO<\/h6>\n<h6>Kod: 1001<\/h6>\n<h6>Marka: DER\u0130MO LEATHER<\/h6>\n","protected":false},"featured_media":9309,"comment_status":"open","ping_status":"closed","template":"","meta":[],"product_cat":[64],"product_tag":[],"_links":{"self":[{"href":"https:\/\/derimoshop.com\/index.php\/wp-json\/wp\/v2\/product\/9339"}],"collection":[{"href":"https:\/\/derimoshop.com\/index.php\/wp-json\/wp\/v2\/product"}],"about":[{"href":"https:\/\/derimoshop.com\/index.php\/wp-json\/wp\/v2\/types\/product"}],"replies":[{"embeddable":true,"href":"https:\/\/derimoshop.com\/index.php\/wp-json\/wp\/v2\/comments?post=9339"}],"wp:featuredmedia":[{"embeddable":true,"href":"https:\/\/derimoshop.com\/index.php\/wp-json\/wp\/v2\/media\/9309"}],"wp:attachment":[{"href":"https:\/\/derimoshop.com\/index.php\/wp-json\/wp\/v2\/media?parent=9339"}],"wp:term":[{"taxonomy":"product_cat","embeddable":true,"href":"https:\/\/derimoshop.com\/index.php\/wp-json\/wp\/v2\/product_cat?post=9339"},{"taxonomy":"product_tag","embeddable":true,"href":"https:\/\/derimoshop.com\/index.php\/wp-json\/wp\/v2\/product_tag?post=9339"}],"curies":[{"name":"wp","href":"https:\/\/api.w.org\/{rel}","templated":true}]}}