{"id":9292,"date":"2021-11-03T18:27:17","date_gmt":"2021-11-03T15:27:17","guid":{"rendered":"https:\/\/derimoshop.com\/?post_type=product&#038;p=9292"},"modified":"2024-05-23T16:46:28","modified_gmt":"2024-05-23T13:46:28","slug":"deri-omuz-cantasi-6","status":"publish","type":"product","link":"https:\/\/derimoshop.com\/index.php\/product\/deri-omuz-cantasi-6\/","title":{"rendered":"Deri Omuz \u00c7antas\u0131"},"content":{"rendered":"<p>Elde ve Omuzda Ta\u015f\u0131maya Uygundur.<\/p>\n<p>Hakiki Deriden \u0130mal Edilmi\u015ftir.<\/p>\n<p>Farkl\u0131 Renk Se\u00e7enekleri Mevcuttur.<\/p>\n<p>\u00dcr\u00fcn \u00d6l\u00e7\u00fcleri;\u00a0 25cm\u00a0 &#8211;\u00a0 21cm<\/p>\n<p>&nbsp;<\/p>\n","protected":false},"excerpt":{"rendered":"<h3><em>#KaliteyiBa\u015fkaYerdeArama<\/em><\/h3>\n<h6>Renk: S\u0130YAH<\/h6>\n<h6>Kod: 1010<\/h6>\n<h6>Marka: DER\u0130MO LEATHER<\/h6>\n","protected":false},"featured_media":9268,"comment_status":"open","ping_status":"closed","template":"","meta":[],"product_cat":[64],"product_tag":[],"_links":{"self":[{"href":"https:\/\/derimoshop.com\/index.php\/wp-json\/wp\/v2\/product\/9292"}],"collection":[{"href":"https:\/\/derimoshop.com\/index.php\/wp-json\/wp\/v2\/product"}],"about":[{"href":"https:\/\/derimoshop.com\/index.php\/wp-json\/wp\/v2\/types\/product"}],"replies":[{"embeddable":true,"href":"https:\/\/derimoshop.com\/index.php\/wp-json\/wp\/v2\/comments?post=9292"}],"wp:featuredmedia":[{"embeddable":true,"href":"https:\/\/derimoshop.com\/index.php\/wp-json\/wp\/v2\/media\/9268"}],"wp:attachment":[{"href":"https:\/\/derimoshop.com\/index.php\/wp-json\/wp\/v2\/media?parent=9292"}],"wp:term":[{"taxonomy":"product_cat","embeddable":true,"href":"https:\/\/derimoshop.com\/index.php\/wp-json\/wp\/v2\/product_cat?post=9292"},{"taxonomy":"product_tag","embeddable":true,"href":"https:\/\/derimoshop.com\/index.php\/wp-json\/wp\/v2\/product_tag?post=9292"}],"curies":[{"name":"wp","href":"https:\/\/api.w.org\/{rel}","templated":true}]}}