{"id":9225,"date":"2021-09-23T22:07:24","date_gmt":"2021-09-23T19:07:24","guid":{"rendered":"https:\/\/derimoshop.com\/?post_type=product&#038;p=9225"},"modified":"2024-05-23T16:47:01","modified_gmt":"2024-05-23T13:47:01","slug":"erkek-evrak-cantasi","status":"publish","type":"product","link":"https:\/\/derimoshop.com\/index.php\/product\/erkek-evrak-cantasi\/","title":{"rendered":"Erkek Evrak \u00c7antas\u0131"},"content":{"rendered":"<p>Hakiki Deriden \u0130mal Edilmi\u015fir.<\/p>\n<p>\u00dcr\u00fcn Boyutu; 42cm x 33cm<\/p>\n<p>Farkl\u0131 Renk Se\u00e7enekleri Mevcuttur.<\/p>\n<p>&nbsp;<\/p>\n","protected":false},"excerpt":{"rendered":"<h3><em>#KaliteyiBa\u015fkaYerdeArama<\/em><\/h3>\n<h6>Renk: KAHVERENG\u0130(KROKO)<\/h6>\n<h6>Kod: 1006<\/h6>\n<h6>Marka: DER\u0130MO LEATHER<\/h6>\n","protected":false},"featured_media":9226,"comment_status":"open","ping_status":"closed","template":"","meta":[],"product_cat":[64],"product_tag":[],"_links":{"self":[{"href":"https:\/\/derimoshop.com\/index.php\/wp-json\/wp\/v2\/product\/9225"}],"collection":[{"href":"https:\/\/derimoshop.com\/index.php\/wp-json\/wp\/v2\/product"}],"about":[{"href":"https:\/\/derimoshop.com\/index.php\/wp-json\/wp\/v2\/types\/product"}],"replies":[{"embeddable":true,"href":"https:\/\/derimoshop.com\/index.php\/wp-json\/wp\/v2\/comments?post=9225"}],"wp:featuredmedia":[{"embeddable":true,"href":"https:\/\/derimoshop.com\/index.php\/wp-json\/wp\/v2\/media\/9226"}],"wp:attachment":[{"href":"https:\/\/derimoshop.com\/index.php\/wp-json\/wp\/v2\/media?parent=9225"}],"wp:term":[{"taxonomy":"product_cat","embeddable":true,"href":"https:\/\/derimoshop.com\/index.php\/wp-json\/wp\/v2\/product_cat?post=9225"},{"taxonomy":"product_tag","embeddable":true,"href":"https:\/\/derimoshop.com\/index.php\/wp-json\/wp\/v2\/product_tag?post=9225"}],"curies":[{"name":"wp","href":"https:\/\/api.w.org\/{rel}","templated":true}]}}