{"id":9179,"date":"2021-09-16T21:43:49","date_gmt":"2021-09-16T18:43:49","guid":{"rendered":"https:\/\/derimoshop.com\/?post_type=product&#038;p=9179"},"modified":"2024-05-23T16:49:33","modified_gmt":"2024-05-23T13:49:33","slug":"derimoshop-deri-omuz-cantasi-7","status":"publish","type":"product","link":"https:\/\/derimoshop.com\/index.php\/product\/derimoshop-deri-omuz-cantasi-7\/","title":{"rendered":"DerimoShop Deri Omuz \u00c7antas\u0131"},"content":{"rendered":"<p>Hakiki Deriden \u0130mal Edilmi\u015ftir.<\/p>\n<p>\u00dcr\u00fcn \u00d6l\u00e7\u00fcleri;\u00a0 24cm\u00a0 &#8211;\u00a0 \u00a022cm<\/p>\n<p>Farkl\u0131 Renk Se\u00e7enekleri Mevcuttur.<\/p>\n<p>#KaliteyiBa\u015fkaYerdeArama<\/p>\n","protected":false},"excerpt":{"rendered":"<p>Hakiki Deriden \u0130mal Edilmi\u015ftir. \u00dcr\u00fcn \u00d6l\u00e7\u00fcleri;\u00a0 24cm\u00a0 &#8211;\u00a0 \u00a022cm Farkl\u0131 Renk Se\u00e7enekleri Mevcuttur. #KaliteyiBa\u015fkaYerdeArama<\/p>\n","protected":false},"featured_media":9181,"comment_status":"open","ping_status":"closed","template":"","meta":[],"product_cat":[64],"product_tag":[],"_links":{"self":[{"href":"https:\/\/derimoshop.com\/index.php\/wp-json\/wp\/v2\/product\/9179"}],"collection":[{"href":"https:\/\/derimoshop.com\/index.php\/wp-json\/wp\/v2\/product"}],"about":[{"href":"https:\/\/derimoshop.com\/index.php\/wp-json\/wp\/v2\/types\/product"}],"replies":[{"embeddable":true,"href":"https:\/\/derimoshop.com\/index.php\/wp-json\/wp\/v2\/comments?post=9179"}],"wp:featuredmedia":[{"embeddable":true,"href":"https:\/\/derimoshop.com\/index.php\/wp-json\/wp\/v2\/media\/9181"}],"wp:attachment":[{"href":"https:\/\/derimoshop.com\/index.php\/wp-json\/wp\/v2\/media?parent=9179"}],"wp:term":[{"taxonomy":"product_cat","embeddable":true,"href":"https:\/\/derimoshop.com\/index.php\/wp-json\/wp\/v2\/product_cat?post=9179"},{"taxonomy":"product_tag","embeddable":true,"href":"https:\/\/derimoshop.com\/index.php\/wp-json\/wp\/v2\/product_tag?post=9179"}],"curies":[{"name":"wp","href":"https:\/\/api.w.org\/{rel}","templated":true}]}}