{"id":9144,"date":"2021-09-16T21:19:47","date_gmt":"2021-09-16T18:19:47","guid":{"rendered":"https:\/\/derimoshop.com\/?post_type=product&#038;p=9144"},"modified":"2024-05-23T16:51:47","modified_gmt":"2024-05-23T13:51:47","slug":"derimoshop-deri-bel-cantasi-2","status":"publish","type":"product","link":"https:\/\/derimoshop.com\/index.php\/product\/derimoshop-deri-bel-cantasi-2\/","title":{"rendered":"DerimoShop Deri Bel \u00c7antas\u0131"},"content":{"rendered":"<p>Hakiki Deriden \u0130mal Edilmi\u015ftir.<\/p>\n<p>\u00dcr\u00fcn \u00d6l\u00e7\u00fcleri;\u00a0 22cm \u2013 12cm<\/p>\n<p>Farkl\u0131 Renk Se\u00e7enekleri Mevcuttur.<\/p>\n","protected":false},"excerpt":{"rendered":"<h4>#<em>KaliteyiBa\u015fkaYerdeArama<\/em><\/h4>\n<h6>Renk: LAC\u0130VERT<\/h6>\n<h6>Kod: 1016<\/h6>\n<h6>Marka: DER\u0130MO LEATHER<\/h6>\n","protected":false},"featured_media":9145,"comment_status":"open","ping_status":"closed","template":"","meta":[],"product_cat":[64],"product_tag":[],"_links":{"self":[{"href":"https:\/\/derimoshop.com\/index.php\/wp-json\/wp\/v2\/product\/9144"}],"collection":[{"href":"https:\/\/derimoshop.com\/index.php\/wp-json\/wp\/v2\/product"}],"about":[{"href":"https:\/\/derimoshop.com\/index.php\/wp-json\/wp\/v2\/types\/product"}],"replies":[{"embeddable":true,"href":"https:\/\/derimoshop.com\/index.php\/wp-json\/wp\/v2\/comments?post=9144"}],"wp:featuredmedia":[{"embeddable":true,"href":"https:\/\/derimoshop.com\/index.php\/wp-json\/wp\/v2\/media\/9145"}],"wp:attachment":[{"href":"https:\/\/derimoshop.com\/index.php\/wp-json\/wp\/v2\/media?parent=9144"}],"wp:term":[{"taxonomy":"product_cat","embeddable":true,"href":"https:\/\/derimoshop.com\/index.php\/wp-json\/wp\/v2\/product_cat?post=9144"},{"taxonomy":"product_tag","embeddable":true,"href":"https:\/\/derimoshop.com\/index.php\/wp-json\/wp\/v2\/product_tag?post=9144"}],"curies":[{"name":"wp","href":"https:\/\/api.w.org\/{rel}","templated":true}]}}