{"id":9090,"date":"2021-09-16T20:48:43","date_gmt":"2021-09-16T17:48:43","guid":{"rendered":"https:\/\/derimoshop.com\/?post_type=product&#038;p=9090"},"modified":"2024-05-14T13:52:48","modified_gmt":"2024-05-14T10:52:48","slug":"derimoshop-deri-cuzdan","status":"publish","type":"product","link":"https:\/\/derimoshop.com\/index.php\/product\/derimoshop-deri-cuzdan\/","title":{"rendered":"DerimoShop Deri C\u00fczdan"},"content":{"rendered":"","protected":false},"excerpt":{"rendered":"<p>Hakiki Deriden \u0130mal Edilmi\u015ftir.<\/p>\n<p>Frakl\u0131 Renk Se\u00e7enekleri Mavcuttur.<\/p>\n","protected":false},"featured_media":9091,"comment_status":"open","ping_status":"closed","template":"","meta":[],"product_cat":[65,73],"product_tag":[],"_links":{"self":[{"href":"https:\/\/derimoshop.com\/index.php\/wp-json\/wp\/v2\/product\/9090"}],"collection":[{"href":"https:\/\/derimoshop.com\/index.php\/wp-json\/wp\/v2\/product"}],"about":[{"href":"https:\/\/derimoshop.com\/index.php\/wp-json\/wp\/v2\/types\/product"}],"replies":[{"embeddable":true,"href":"https:\/\/derimoshop.com\/index.php\/wp-json\/wp\/v2\/comments?post=9090"}],"wp:featuredmedia":[{"embeddable":true,"href":"https:\/\/derimoshop.com\/index.php\/wp-json\/wp\/v2\/media\/9091"}],"wp:attachment":[{"href":"https:\/\/derimoshop.com\/index.php\/wp-json\/wp\/v2\/media?parent=9090"}],"wp:term":[{"taxonomy":"product_cat","embeddable":true,"href":"https:\/\/derimoshop.com\/index.php\/wp-json\/wp\/v2\/product_cat?post=9090"},{"taxonomy":"product_tag","embeddable":true,"href":"https:\/\/derimoshop.com\/index.php\/wp-json\/wp\/v2\/product_tag?post=9090"}],"curies":[{"name":"wp","href":"https:\/\/api.w.org\/{rel}","templated":true}]}}