{"id":9072,"date":"2021-09-05T13:42:07","date_gmt":"2021-09-05T10:42:07","guid":{"rendered":"https:\/\/derimoshop.com\/?post_type=product&#038;p=9072"},"modified":"2024-05-23T16:52:52","modified_gmt":"2024-05-23T13:52:52","slug":"deri-evrak-cantasi-5","status":"publish","type":"product","link":"https:\/\/derimoshop.com\/index.php\/product\/deri-evrak-cantasi-5\/","title":{"rendered":"Deri Evrak \u00c7antas\u0131"},"content":{"rendered":"<p>Hakiki Deriden \u0130mal Edildi<\/p>\n<p>\u00c7anta \u00d6l\u00e7\u00fcleri ; 35cm x 30cm<\/p>\n<p>Farkl\u0131 Renk Se\u00e7enekleri Mevcuttur.<\/p>\n<p>&nbsp;<\/p>\n","protected":false},"excerpt":{"rendered":"<h4>#<em>KaliteyiBa\u015fkaYerdeArama<\/em><\/h4>\n<h6>Renk: S\u0130YAH KROKO<\/h6>\n<h6>Kod: 1021<\/h6>\n<h6>Marka: DER\u0130MO LEATHER<\/h6>\n","protected":false},"featured_media":9073,"comment_status":"open","ping_status":"closed","template":"","meta":[],"product_cat":[64],"product_tag":[],"_links":{"self":[{"href":"https:\/\/derimoshop.com\/index.php\/wp-json\/wp\/v2\/product\/9072"}],"collection":[{"href":"https:\/\/derimoshop.com\/index.php\/wp-json\/wp\/v2\/product"}],"about":[{"href":"https:\/\/derimoshop.com\/index.php\/wp-json\/wp\/v2\/types\/product"}],"replies":[{"embeddable":true,"href":"https:\/\/derimoshop.com\/index.php\/wp-json\/wp\/v2\/comments?post=9072"}],"wp:featuredmedia":[{"embeddable":true,"href":"https:\/\/derimoshop.com\/index.php\/wp-json\/wp\/v2\/media\/9073"}],"wp:attachment":[{"href":"https:\/\/derimoshop.com\/index.php\/wp-json\/wp\/v2\/media?parent=9072"}],"wp:term":[{"taxonomy":"product_cat","embeddable":true,"href":"https:\/\/derimoshop.com\/index.php\/wp-json\/wp\/v2\/product_cat?post=9072"},{"taxonomy":"product_tag","embeddable":true,"href":"https:\/\/derimoshop.com\/index.php\/wp-json\/wp\/v2\/product_tag?post=9072"}],"curies":[{"name":"wp","href":"https:\/\/api.w.org\/{rel}","templated":true}]}}