{"id":8163,"date":"2020-10-15T14:38:17","date_gmt":"2020-10-15T11:38:17","guid":{"rendered":"https:\/\/derimoshop.com\/?post_type=product&#038;p=8163"},"modified":"2021-12-11T13:48:36","modified_gmt":"2021-12-11T10:48:36","slug":"set-kutusu-4","status":"publish","type":"product","link":"https:\/\/derimoshop.com\/index.php\/product\/set-kutusu-4\/","title":{"rendered":"Set Kutusu"},"content":{"rendered":"<p>\u00d6zel kutulu Kemer<\/p>\n<p>Sitemizden se\u00e7ti\u011finiz \u00fcr\u00fcn ile kendinizde \u00f6zel kutu olu\u015fturabilirsiniz<\/p>\n","protected":false},"excerpt":{"rendered":"<p>\u00d6zel kutulu Kemer Sitemizden se\u00e7ti\u011finiz \u00fcr\u00fcn ile kendinizde \u00f6zel kutu olu\u015fturabilirsiniz<\/p>\n","protected":false},"featured_media":8164,"comment_status":"open","ping_status":"closed","template":"","meta":[],"product_cat":[72],"product_tag":[],"_links":{"self":[{"href":"https:\/\/derimoshop.com\/index.php\/wp-json\/wp\/v2\/product\/8163"}],"collection":[{"href":"https:\/\/derimoshop.com\/index.php\/wp-json\/wp\/v2\/product"}],"about":[{"href":"https:\/\/derimoshop.com\/index.php\/wp-json\/wp\/v2\/types\/product"}],"replies":[{"embeddable":true,"href":"https:\/\/derimoshop.com\/index.php\/wp-json\/wp\/v2\/comments?post=8163"}],"wp:featuredmedia":[{"embeddable":true,"href":"https:\/\/derimoshop.com\/index.php\/wp-json\/wp\/v2\/media\/8164"}],"wp:attachment":[{"href":"https:\/\/derimoshop.com\/index.php\/wp-json\/wp\/v2\/media?parent=8163"}],"wp:term":[{"taxonomy":"product_cat","embeddable":true,"href":"https:\/\/derimoshop.com\/index.php\/wp-json\/wp\/v2\/product_cat?post=8163"},{"taxonomy":"product_tag","embeddable":true,"href":"https:\/\/derimoshop.com\/index.php\/wp-json\/wp\/v2\/product_tag?post=8163"}],"curies":[{"name":"wp","href":"https:\/\/api.w.org\/{rel}","templated":true}]}}