{"id":8150,"date":"2020-10-15T14:24:09","date_gmt":"2020-10-15T11:24:09","guid":{"rendered":"https:\/\/derimoshop.com\/?post_type=product&#038;p=8150"},"modified":"2021-12-11T13:49:07","modified_gmt":"2021-12-11T10:49:07","slug":"klasik-deri-kemer-54","status":"publish","type":"product","link":"https:\/\/derimoshop.com\/index.php\/product\/klasik-deri-kemer-54\/","title":{"rendered":"Klasik Deri Kemer"},"content":{"rendered":"<p>Kemer Geni\u015fli\u011fi 3.5 cm\u2019dir<\/p>\n<p>Klasik Pantolonlar i\u00e7in idealdir<\/p>\n<p>1.s\u0131n\u0131f Hakiki Deri\u2019dir<\/p>\n<p>2 Y\u0131l Garanti<\/p>\n","protected":false},"excerpt":{"rendered":"<p>Kemer Geni\u015fli\u011fi 3.5 cm\u2019dir Klasik Pantolonlar i\u00e7in idealdir 1.s\u0131n\u0131f Hakiki Deri\u2019dir 2 Y\u0131l Garanti<\/p>\n","protected":false},"featured_media":8152,"comment_status":"open","ping_status":"closed","template":"","meta":[],"product_cat":[15],"product_tag":[],"_links":{"self":[{"href":"https:\/\/derimoshop.com\/index.php\/wp-json\/wp\/v2\/product\/8150"}],"collection":[{"href":"https:\/\/derimoshop.com\/index.php\/wp-json\/wp\/v2\/product"}],"about":[{"href":"https:\/\/derimoshop.com\/index.php\/wp-json\/wp\/v2\/types\/product"}],"replies":[{"embeddable":true,"href":"https:\/\/derimoshop.com\/index.php\/wp-json\/wp\/v2\/comments?post=8150"}],"wp:featuredmedia":[{"embeddable":true,"href":"https:\/\/derimoshop.com\/index.php\/wp-json\/wp\/v2\/media\/8152"}],"wp:attachment":[{"href":"https:\/\/derimoshop.com\/index.php\/wp-json\/wp\/v2\/media?parent=8150"}],"wp:term":[{"taxonomy":"product_cat","embeddable":true,"href":"https:\/\/derimoshop.com\/index.php\/wp-json\/wp\/v2\/product_cat?post=8150"},{"taxonomy":"product_tag","embeddable":true,"href":"https:\/\/derimoshop.com\/index.php\/wp-json\/wp\/v2\/product_tag?post=8150"}],"curies":[{"name":"wp","href":"https:\/\/api.w.org\/{rel}","templated":true}]}}