{"id":8084,"date":"2020-10-15T12:16:57","date_gmt":"2020-10-15T09:16:57","guid":{"rendered":"https:\/\/derimoshop.com\/?post_type=product&#038;p=8084"},"modified":"2024-05-23T16:05:21","modified_gmt":"2024-05-23T13:05:21","slug":"deri-erkek-cuzdan-23","status":"publish","type":"product","link":"https:\/\/derimoshop.com\/index.php\/product\/deri-erkek-cuzdan-23\/","title":{"rendered":"Deri Erkek C\u00fczdan"},"content":{"rendered":"<p>Hakiki deri<\/p>\n<p>C\u00fczdan \u00f6l\u00e7\u00fcleri 21 x 12.5 cm<\/p>\n<p>C\u00fczdan ve kartl\u0131k olarak kullan\u0131labilir<\/p>\n<p>Fark\u0131 renk se\u00e7enekleri mevcuttur<\/p>\n","protected":false},"excerpt":{"rendered":"<p>Hakiki deri C\u00fczdan \u00f6l\u00e7\u00fcleri 21 x 12.5 cm C\u00fczdan ve kartl\u0131k olarak kullan\u0131labilir Fark\u0131 renk se\u00e7enekleri mevcuttur<\/p>\n","protected":false},"featured_media":8100,"comment_status":"open","ping_status":"closed","template":"","meta":[],"product_cat":[65,73],"product_tag":[],"_links":{"self":[{"href":"https:\/\/derimoshop.com\/index.php\/wp-json\/wp\/v2\/product\/8084"}],"collection":[{"href":"https:\/\/derimoshop.com\/index.php\/wp-json\/wp\/v2\/product"}],"about":[{"href":"https:\/\/derimoshop.com\/index.php\/wp-json\/wp\/v2\/types\/product"}],"replies":[{"embeddable":true,"href":"https:\/\/derimoshop.com\/index.php\/wp-json\/wp\/v2\/comments?post=8084"}],"wp:featuredmedia":[{"embeddable":true,"href":"https:\/\/derimoshop.com\/index.php\/wp-json\/wp\/v2\/media\/8100"}],"wp:attachment":[{"href":"https:\/\/derimoshop.com\/index.php\/wp-json\/wp\/v2\/media?parent=8084"}],"wp:term":[{"taxonomy":"product_cat","embeddable":true,"href":"https:\/\/derimoshop.com\/index.php\/wp-json\/wp\/v2\/product_cat?post=8084"},{"taxonomy":"product_tag","embeddable":true,"href":"https:\/\/derimoshop.com\/index.php\/wp-json\/wp\/v2\/product_tag?post=8084"}],"curies":[{"name":"wp","href":"https:\/\/api.w.org\/{rel}","templated":true}]}}