{"id":8082,"date":"2020-10-15T12:12:15","date_gmt":"2020-10-15T09:12:15","guid":{"rendered":"https:\/\/derimoshop.com\/?post_type=product&#038;p=8082"},"modified":"2024-05-14T13:38:45","modified_gmt":"2024-05-14T10:38:45","slug":"deri-erkek-cuzdan-22","status":"publish","type":"product","link":"https:\/\/derimoshop.com\/index.php\/product\/deri-erkek-cuzdan-22\/","title":{"rendered":"Deri Erkek C\u00fczdan"},"content":{"rendered":"<p>Hakiki deri<\/p>\n<p>C\u00fczdan \u00f6l\u00e7\u00fcleri 10.5 x 19.5 cm<\/p>\n<p>C\u00fczdan ve kartl\u0131k olarak kullan\u0131labilir<\/p>\n<p>Fark\u0131 renk se\u00e7enekleri mevcuttur<\/p>\n","protected":false},"excerpt":{"rendered":"<p>Hakiki deri C\u00fczdan \u00f6l\u00e7\u00fcleri 10.5 x 19.5 cm C\u00fczdan ve kartl\u0131k olarak kullan\u0131labilir Fark\u0131 renk se\u00e7enekleri mevcuttur<\/p>\n","protected":false},"featured_media":7671,"comment_status":"open","ping_status":"closed","template":"","meta":[],"product_cat":[65,73],"product_tag":[],"_links":{"self":[{"href":"https:\/\/derimoshop.com\/index.php\/wp-json\/wp\/v2\/product\/8082"}],"collection":[{"href":"https:\/\/derimoshop.com\/index.php\/wp-json\/wp\/v2\/product"}],"about":[{"href":"https:\/\/derimoshop.com\/index.php\/wp-json\/wp\/v2\/types\/product"}],"replies":[{"embeddable":true,"href":"https:\/\/derimoshop.com\/index.php\/wp-json\/wp\/v2\/comments?post=8082"}],"wp:featuredmedia":[{"embeddable":true,"href":"https:\/\/derimoshop.com\/index.php\/wp-json\/wp\/v2\/media\/7671"}],"wp:attachment":[{"href":"https:\/\/derimoshop.com\/index.php\/wp-json\/wp\/v2\/media?parent=8082"}],"wp:term":[{"taxonomy":"product_cat","embeddable":true,"href":"https:\/\/derimoshop.com\/index.php\/wp-json\/wp\/v2\/product_cat?post=8082"},{"taxonomy":"product_tag","embeddable":true,"href":"https:\/\/derimoshop.com\/index.php\/wp-json\/wp\/v2\/product_tag?post=8082"}],"curies":[{"name":"wp","href":"https:\/\/api.w.org\/{rel}","templated":true}]}}