{"id":8033,"date":"2020-10-15T11:30:06","date_gmt":"2020-10-15T08:30:06","guid":{"rendered":"https:\/\/derimoshop.com\/?post_type=product&#038;p=8033"},"modified":"2024-05-14T13:40:15","modified_gmt":"2024-05-14T10:40:15","slug":"deri-erkek-cuzdan-16","status":"publish","type":"product","link":"https:\/\/derimoshop.com\/index.php\/product\/deri-erkek-cuzdan-16\/","title":{"rendered":"Deri Erkek C\u00fczdan"},"content":{"rendered":"<p>Hakiki deri<\/p>\n<p>C\u00fczdan \u00f6l\u00e7\u00fcleri 12 x 9 cm<\/p>\n<p>C\u00fczdan ve kartl\u0131k olarak kullan\u0131labilir<\/p>\n<p>Fark\u0131 renk se\u00e7enekleri mevcuttur<\/p>\n","protected":false},"excerpt":{"rendered":"<p>Hakiki deri C\u00fczdan \u00f6l\u00e7\u00fcleri 12 x 9 cm C\u00fczdan ve kartl\u0131k olarak kullan\u0131labilir Fark\u0131 renk se\u00e7enekleri mevcuttur<\/p>\n","protected":false},"featured_media":8034,"comment_status":"open","ping_status":"closed","template":"","meta":[],"product_cat":[65,73],"product_tag":[],"_links":{"self":[{"href":"https:\/\/derimoshop.com\/index.php\/wp-json\/wp\/v2\/product\/8033"}],"collection":[{"href":"https:\/\/derimoshop.com\/index.php\/wp-json\/wp\/v2\/product"}],"about":[{"href":"https:\/\/derimoshop.com\/index.php\/wp-json\/wp\/v2\/types\/product"}],"replies":[{"embeddable":true,"href":"https:\/\/derimoshop.com\/index.php\/wp-json\/wp\/v2\/comments?post=8033"}],"wp:featuredmedia":[{"embeddable":true,"href":"https:\/\/derimoshop.com\/index.php\/wp-json\/wp\/v2\/media\/8034"}],"wp:attachment":[{"href":"https:\/\/derimoshop.com\/index.php\/wp-json\/wp\/v2\/media?parent=8033"}],"wp:term":[{"taxonomy":"product_cat","embeddable":true,"href":"https:\/\/derimoshop.com\/index.php\/wp-json\/wp\/v2\/product_cat?post=8033"},{"taxonomy":"product_tag","embeddable":true,"href":"https:\/\/derimoshop.com\/index.php\/wp-json\/wp\/v2\/product_tag?post=8033"}],"curies":[{"name":"wp","href":"https:\/\/api.w.org\/{rel}","templated":true}]}}