{"id":7964,"date":"2020-10-13T15:54:16","date_gmt":"2020-10-13T12:54:16","guid":{"rendered":"https:\/\/derimoshop.com\/?post_type=product&#038;p=7964"},"modified":"2021-07-22T23:18:53","modified_gmt":"2021-07-22T20:18:53","slug":"set-kutusu-3","status":"publish","type":"product","link":"https:\/\/derimoshop.com\/index.php\/product\/set-kutusu-3\/","title":{"rendered":"Set Kutusu"},"content":{"rendered":"<p>\u00d6zel kutulu Kemer<\/p>\n<p>Sitemizden se\u00e7ti\u011finiz \u00fcr\u00fcn ile kendinizde \u00f6zel kutu olu\u015fturabilirsiniz<\/p>\n","protected":false},"excerpt":{"rendered":"<p>\u00d6zel kutulu Kemer Sitemizden se\u00e7ti\u011finiz \u00fcr\u00fcn ile kendinizde \u00f6zel kutu olu\u015fturabilirsiniz<\/p>\n","protected":false},"featured_media":7965,"comment_status":"open","ping_status":"closed","template":"","meta":[],"product_cat":[72],"product_tag":[],"_links":{"self":[{"href":"https:\/\/derimoshop.com\/index.php\/wp-json\/wp\/v2\/product\/7964"}],"collection":[{"href":"https:\/\/derimoshop.com\/index.php\/wp-json\/wp\/v2\/product"}],"about":[{"href":"https:\/\/derimoshop.com\/index.php\/wp-json\/wp\/v2\/types\/product"}],"replies":[{"embeddable":true,"href":"https:\/\/derimoshop.com\/index.php\/wp-json\/wp\/v2\/comments?post=7964"}],"wp:featuredmedia":[{"embeddable":true,"href":"https:\/\/derimoshop.com\/index.php\/wp-json\/wp\/v2\/media\/7965"}],"wp:attachment":[{"href":"https:\/\/derimoshop.com\/index.php\/wp-json\/wp\/v2\/media?parent=7964"}],"wp:term":[{"taxonomy":"product_cat","embeddable":true,"href":"https:\/\/derimoshop.com\/index.php\/wp-json\/wp\/v2\/product_cat?post=7964"},{"taxonomy":"product_tag","embeddable":true,"href":"https:\/\/derimoshop.com\/index.php\/wp-json\/wp\/v2\/product_tag?post=7964"}],"curies":[{"name":"wp","href":"https:\/\/api.w.org\/{rel}","templated":true}]}}