{"id":7947,"date":"2020-10-13T14:47:35","date_gmt":"2020-10-13T11:47:35","guid":{"rendered":"https:\/\/derimoshop.com\/?post_type=product&#038;p=7947"},"modified":"2024-05-23T16:57:10","modified_gmt":"2024-05-23T13:57:10","slug":"erkek-deri-canta","status":"publish","type":"product","link":"https:\/\/derimoshop.com\/index.php\/product\/erkek-deri-canta\/","title":{"rendered":"Erkek Deri \u00c7anta"},"content":{"rendered":"<p>Hakiki deriden imal edildi<\/p>\n<p>Klasik spor tasar\u0131m<\/p>\n<p>\u00dc\u00e7 b\u00f6lmeli olup i\u00e7inde ekstradan bir b\u00f6lme daha mevcuttur<\/p>\n<p>Elde ve omuzda ta\u015f\u0131maya uygundur<\/p>\n<p>\u00dcr\u00fcn \u00d6l\u00e7\u00fcleri; 27cm x 23cm x 7cm<\/p>\n","protected":false},"excerpt":{"rendered":"<h3><em>#KaliteyiBa\u015fkaYerdeArama<\/em><\/h3>\n<h6>Renk: S\u0130YAH<\/h6>\n<h6>Kod: 1008<\/h6>\n<h6>Marka: DER\u0130MO LEATHER<\/h6>\n","protected":false},"featured_media":7948,"comment_status":"open","ping_status":"closed","template":"","meta":[],"product_cat":[64],"product_tag":[],"_links":{"self":[{"href":"https:\/\/derimoshop.com\/index.php\/wp-json\/wp\/v2\/product\/7947"}],"collection":[{"href":"https:\/\/derimoshop.com\/index.php\/wp-json\/wp\/v2\/product"}],"about":[{"href":"https:\/\/derimoshop.com\/index.php\/wp-json\/wp\/v2\/types\/product"}],"replies":[{"embeddable":true,"href":"https:\/\/derimoshop.com\/index.php\/wp-json\/wp\/v2\/comments?post=7947"}],"wp:featuredmedia":[{"embeddable":true,"href":"https:\/\/derimoshop.com\/index.php\/wp-json\/wp\/v2\/media\/7948"}],"wp:attachment":[{"href":"https:\/\/derimoshop.com\/index.php\/wp-json\/wp\/v2\/media?parent=7947"}],"wp:term":[{"taxonomy":"product_cat","embeddable":true,"href":"https:\/\/derimoshop.com\/index.php\/wp-json\/wp\/v2\/product_cat?post=7947"},{"taxonomy":"product_tag","embeddable":true,"href":"https:\/\/derimoshop.com\/index.php\/wp-json\/wp\/v2\/product_tag?post=7947"}],"curies":[{"name":"wp","href":"https:\/\/api.w.org\/{rel}","templated":true}]}}