{"id":7931,"date":"2020-10-13T12:53:31","date_gmt":"2020-10-13T09:53:31","guid":{"rendered":"https:\/\/derimoshop.com\/?post_type=product&#038;p=7931"},"modified":"2024-05-28T18:56:30","modified_gmt":"2024-05-28T15:56:30","slug":"kadin-deri-kemer-5","status":"publish","type":"product","link":"https:\/\/derimoshop.com\/index.php\/product\/kadin-deri-kemer-5\/","title":{"rendered":"Kad\u0131n Deri Kemer"},"content":{"rendered":"<p><strong>Kemer Geni\u015fli\u011fi 4 cm\u2019dir<\/strong><\/p>\n<p><strong>1.s\u0131n\u0131f Hakiki Deri\u2019dir<\/strong><\/p>\n<p><strong>2 Y\u0131l Garanti<\/strong><\/p>\n","protected":false},"excerpt":{"rendered":"<p><img loading=\"lazy\" decoding=\"async\" class=\"alignnone size-medium wp-image-8275\" src=\"https:\/\/derimoshop.com\/wp-content\/uploads\/2020\/09\/Kemerbeden-300x90.jpg\" alt=\"\" width=\"300\" height=\"90\" srcset=\"https:\/\/derimoshop.com\/wp-content\/uploads\/2020\/09\/Kemerbeden-300x90.jpg 300w, https:\/\/derimoshop.com\/wp-content\/uploads\/2020\/09\/Kemerbeden-768x230.jpg 768w, https:\/\/derimoshop.com\/wp-content\/uploads\/2020\/09\/Kemerbeden.jpg 800w\" sizes=\"(max-width: 300px) 100vw, 300px\" \/><\/p>\n","protected":false},"featured_media":7932,"comment_status":"open","ping_status":"closed","template":"","meta":[],"product_cat":[66,80],"product_tag":[],"_links":{"self":[{"href":"https:\/\/derimoshop.com\/index.php\/wp-json\/wp\/v2\/product\/7931"}],"collection":[{"href":"https:\/\/derimoshop.com\/index.php\/wp-json\/wp\/v2\/product"}],"about":[{"href":"https:\/\/derimoshop.com\/index.php\/wp-json\/wp\/v2\/types\/product"}],"replies":[{"embeddable":true,"href":"https:\/\/derimoshop.com\/index.php\/wp-json\/wp\/v2\/comments?post=7931"}],"wp:featuredmedia":[{"embeddable":true,"href":"https:\/\/derimoshop.com\/index.php\/wp-json\/wp\/v2\/media\/7932"}],"wp:attachment":[{"href":"https:\/\/derimoshop.com\/index.php\/wp-json\/wp\/v2\/media?parent=7931"}],"wp:term":[{"taxonomy":"product_cat","embeddable":true,"href":"https:\/\/derimoshop.com\/index.php\/wp-json\/wp\/v2\/product_cat?post=7931"},{"taxonomy":"product_tag","embeddable":true,"href":"https:\/\/derimoshop.com\/index.php\/wp-json\/wp\/v2\/product_tag?post=7931"}],"curies":[{"name":"wp","href":"https:\/\/api.w.org\/{rel}","templated":true}]}}