{"id":7905,"date":"2020-10-12T14:32:02","date_gmt":"2020-10-12T11:32:02","guid":{"rendered":"https:\/\/derimoshop.com\/?post_type=product&#038;p=7905"},"modified":"2020-10-12T14:32:02","modified_gmt":"2020-10-12T11:32:02","slug":"klasik-deri-kemer-48","status":"publish","type":"product","link":"https:\/\/derimoshop.com\/index.php\/product\/klasik-deri-kemer-48\/","title":{"rendered":"Klasik Deri Kemer"},"content":{"rendered":"<p>Kemer Geni\u015fli\u011fi 3.5 cm\u2019dir<\/p>\n<p>Spor Pantolonlar i\u00e7in idealdir<\/p>\n<p>1.s\u0131n\u0131f Hakiki Deri\u2019dir<\/p>\n<p>2 Y\u0131l Garanti<\/p>\n","protected":false},"excerpt":{"rendered":"<p>Kemer Geni\u015fli\u011fi 3.5 cm\u2019dir Spor Pantolonlar i\u00e7in idealdir 1.s\u0131n\u0131f Hakiki Deri\u2019dir 2 Y\u0131l Garanti<\/p>\n","protected":false},"featured_media":7906,"comment_status":"open","ping_status":"closed","template":"","meta":[],"product_cat":[15],"product_tag":[],"_links":{"self":[{"href":"https:\/\/derimoshop.com\/index.php\/wp-json\/wp\/v2\/product\/7905"}],"collection":[{"href":"https:\/\/derimoshop.com\/index.php\/wp-json\/wp\/v2\/product"}],"about":[{"href":"https:\/\/derimoshop.com\/index.php\/wp-json\/wp\/v2\/types\/product"}],"replies":[{"embeddable":true,"href":"https:\/\/derimoshop.com\/index.php\/wp-json\/wp\/v2\/comments?post=7905"}],"wp:featuredmedia":[{"embeddable":true,"href":"https:\/\/derimoshop.com\/index.php\/wp-json\/wp\/v2\/media\/7906"}],"wp:attachment":[{"href":"https:\/\/derimoshop.com\/index.php\/wp-json\/wp\/v2\/media?parent=7905"}],"wp:term":[{"taxonomy":"product_cat","embeddable":true,"href":"https:\/\/derimoshop.com\/index.php\/wp-json\/wp\/v2\/product_cat?post=7905"},{"taxonomy":"product_tag","embeddable":true,"href":"https:\/\/derimoshop.com\/index.php\/wp-json\/wp\/v2\/product_tag?post=7905"}],"curies":[{"name":"wp","href":"https:\/\/api.w.org\/{rel}","templated":true}]}}