{"id":7640,"date":"2020-09-23T16:04:07","date_gmt":"2020-09-23T13:04:07","guid":{"rendered":"http:\/\/derimoshop.com\/?post_type=product&#038;p=7640"},"modified":"2024-05-14T13:57:52","modified_gmt":"2024-05-14T10:57:52","slug":"erkek-deri-anahtarlik","status":"publish","type":"product","link":"https:\/\/derimoshop.com\/index.php\/product\/erkek-deri-anahtarlik\/","title":{"rendered":"Erkek Deri Anahtarl\u0131k"},"content":{"rendered":"<p>Hakiki deri<\/p>\n<p>Anahtarl\u0131k \u00f6l\u00e7\u00fcleri 12.5 x 6 cm<\/p>\n<p>Fark\u0131 renk se\u00e7enekleri mevcuttur<\/p>\n","protected":false},"excerpt":{"rendered":"<p>Hakiki deri Anahtarl\u0131k \u00f6l\u00e7\u00fcleri 12.5 x 6 cm Fark\u0131 renk se\u00e7enekleri mevcuttur<\/p>\n","protected":false},"featured_media":7641,"comment_status":"open","ping_status":"closed","template":"","meta":[],"product_cat":[65,75],"product_tag":[],"_links":{"self":[{"href":"https:\/\/derimoshop.com\/index.php\/wp-json\/wp\/v2\/product\/7640"}],"collection":[{"href":"https:\/\/derimoshop.com\/index.php\/wp-json\/wp\/v2\/product"}],"about":[{"href":"https:\/\/derimoshop.com\/index.php\/wp-json\/wp\/v2\/types\/product"}],"replies":[{"embeddable":true,"href":"https:\/\/derimoshop.com\/index.php\/wp-json\/wp\/v2\/comments?post=7640"}],"wp:featuredmedia":[{"embeddable":true,"href":"https:\/\/derimoshop.com\/index.php\/wp-json\/wp\/v2\/media\/7641"}],"wp:attachment":[{"href":"https:\/\/derimoshop.com\/index.php\/wp-json\/wp\/v2\/media?parent=7640"}],"wp:term":[{"taxonomy":"product_cat","embeddable":true,"href":"https:\/\/derimoshop.com\/index.php\/wp-json\/wp\/v2\/product_cat?post=7640"},{"taxonomy":"product_tag","embeddable":true,"href":"https:\/\/derimoshop.com\/index.php\/wp-json\/wp\/v2\/product_tag?post=7640"}],"curies":[{"name":"wp","href":"https:\/\/api.w.org\/{rel}","templated":true}]}}