{"id":7621,"date":"2020-09-23T15:54:30","date_gmt":"2020-09-23T12:54:30","guid":{"rendered":"http:\/\/derimoshop.com\/?post_type=product&#038;p=7621"},"modified":"2024-05-14T13:43:31","modified_gmt":"2024-05-14T10:43:31","slug":"deri-erkek-cuzdan-11","status":"publish","type":"product","link":"https:\/\/derimoshop.com\/index.php\/product\/deri-erkek-cuzdan-11\/","title":{"rendered":"Deri Erkek C\u00fczdan"},"content":{"rendered":"<p>Hakiki deri<\/p>\n<p>C\u00fczdan \u00f6l\u00e7\u00fcleri 10.5 x 8.5 cm<\/p>\n<p>C\u00fczdan ve kartl\u0131k olarak kullan\u0131labilir<\/p>\n","protected":false},"excerpt":{"rendered":"<p>Hakiki deri C\u00fczdan \u00f6l\u00e7\u00fcleri 10.5 x 8.5 cm C\u00fczdan ve kartl\u0131k olarak kullan\u0131labilir<\/p>\n","protected":false},"featured_media":7622,"comment_status":"open","ping_status":"closed","template":"","meta":[],"product_cat":[65,73],"product_tag":[],"_links":{"self":[{"href":"https:\/\/derimoshop.com\/index.php\/wp-json\/wp\/v2\/product\/7621"}],"collection":[{"href":"https:\/\/derimoshop.com\/index.php\/wp-json\/wp\/v2\/product"}],"about":[{"href":"https:\/\/derimoshop.com\/index.php\/wp-json\/wp\/v2\/types\/product"}],"replies":[{"embeddable":true,"href":"https:\/\/derimoshop.com\/index.php\/wp-json\/wp\/v2\/comments?post=7621"}],"wp:featuredmedia":[{"embeddable":true,"href":"https:\/\/derimoshop.com\/index.php\/wp-json\/wp\/v2\/media\/7622"}],"wp:attachment":[{"href":"https:\/\/derimoshop.com\/index.php\/wp-json\/wp\/v2\/media?parent=7621"}],"wp:term":[{"taxonomy":"product_cat","embeddable":true,"href":"https:\/\/derimoshop.com\/index.php\/wp-json\/wp\/v2\/product_cat?post=7621"},{"taxonomy":"product_tag","embeddable":true,"href":"https:\/\/derimoshop.com\/index.php\/wp-json\/wp\/v2\/product_tag?post=7621"}],"curies":[{"name":"wp","href":"https:\/\/api.w.org\/{rel}","templated":true}]}}