{"id":7558,"date":"2020-09-18T11:09:58","date_gmt":"2020-09-18T08:09:58","guid":{"rendered":"http:\/\/derimoshop.com\/?post_type=product&#038;p=7558"},"modified":"2024-05-30T16:52:32","modified_gmt":"2024-05-30T13:52:32","slug":"spor-deri-kemer-57","status":"publish","type":"product","link":"https:\/\/derimoshop.com\/index.php\/product\/spor-deri-kemer-57\/","title":{"rendered":"Spor Deri Kemer"},"content":{"rendered":"<p><strong>Kemer Geni\u015fli\u011fi 4 cm\u2019dir<\/strong><\/p>\n<p><strong>Metal Toka Kullan\u0131lm\u0131\u015ft\u0131r<\/strong><\/p>\n<p><strong>Spor Pantolonlar i\u00e7in idealdir<\/strong><\/p>\n<p><strong>1.s\u0131n\u0131f Hakiki Deri\u2019dir<\/strong><\/p>\n<p><strong>2 Y\u0131l Garanti<\/strong><\/p>\n","protected":false},"excerpt":{"rendered":"<p><img loading=\"lazy\" decoding=\"async\" class=\"alignnone size-medium wp-image-8275\" src=\"https:\/\/derimoshop.com\/wp-content\/uploads\/2020\/09\/Kemerbeden-300x90.jpg\" alt=\"\" width=\"300\" height=\"90\" srcset=\"https:\/\/derimoshop.com\/wp-content\/uploads\/2020\/09\/Kemerbeden-300x90.jpg 300w, https:\/\/derimoshop.com\/wp-content\/uploads\/2020\/09\/Kemerbeden-768x230.jpg 768w, https:\/\/derimoshop.com\/wp-content\/uploads\/2020\/09\/Kemerbeden.jpg 800w\" sizes=\"(max-width: 300px) 100vw, 300px\" \/><\/p>\n","protected":false},"featured_media":7559,"comment_status":"open","ping_status":"closed","template":"","meta":[],"product_cat":[70,15],"product_tag":[],"_links":{"self":[{"href":"https:\/\/derimoshop.com\/index.php\/wp-json\/wp\/v2\/product\/7558"}],"collection":[{"href":"https:\/\/derimoshop.com\/index.php\/wp-json\/wp\/v2\/product"}],"about":[{"href":"https:\/\/derimoshop.com\/index.php\/wp-json\/wp\/v2\/types\/product"}],"replies":[{"embeddable":true,"href":"https:\/\/derimoshop.com\/index.php\/wp-json\/wp\/v2\/comments?post=7558"}],"wp:featuredmedia":[{"embeddable":true,"href":"https:\/\/derimoshop.com\/index.php\/wp-json\/wp\/v2\/media\/7559"}],"wp:attachment":[{"href":"https:\/\/derimoshop.com\/index.php\/wp-json\/wp\/v2\/media?parent=7558"}],"wp:term":[{"taxonomy":"product_cat","embeddable":true,"href":"https:\/\/derimoshop.com\/index.php\/wp-json\/wp\/v2\/product_cat?post=7558"},{"taxonomy":"product_tag","embeddable":true,"href":"https:\/\/derimoshop.com\/index.php\/wp-json\/wp\/v2\/product_tag?post=7558"}],"curies":[{"name":"wp","href":"https:\/\/api.w.org\/{rel}","templated":true}]}}