{"id":11873,"date":"2025-08-19T12:41:42","date_gmt":"2025-08-19T09:41:42","guid":{"rendered":"https:\/\/derimoshop.com\/?post_type=product&#038;p=11873"},"modified":"2025-08-19T12:41:49","modified_gmt":"2025-08-19T09:41:49","slug":"coklu-deri-saatlik-6","status":"publish","type":"product","link":"https:\/\/derimoshop.com\/index.php\/product\/coklu-deri-saatlik-6\/","title":{"rendered":"\u00c7oklu Deri Saatlik"},"content":{"rendered":"<p>\u00c7oklu Deri Saatlik<\/p>\n<p>Hakiki Deriden \u0130mal Edilmi\u015ftir.<\/p>\n<p>Farkl\u0131 Renk Se\u00e7enekleri Bulunmaktad\u0131r.<\/p>\n<p>100% deri<\/p>\n<p>1.s\u0131n\u0131f Hakiki Deri\u2019dir<\/p>\n<p>ayn\u0131 g\u00fcn kargo<\/p>\n","protected":false},"excerpt":{"rendered":"<p>\u00c7oklu Deri Saatlik<\/p>\n<p>Hakiki Deriden \u0130mal Edilmi\u015ftir.<\/p>\n<p>Farkl\u0131 Renk Se\u00e7enekleri Bulunmaktad\u0131r.<\/p>\n<p>100% deri<\/p>\n<p>1.s\u0131n\u0131f Hakiki Deri\u2019dir<\/p>\n<p>ayn\u0131 g\u00fcn kargo<\/p>\n","protected":false},"featured_media":11874,"comment_status":"open","ping_status":"closed","template":"","meta":[],"product_cat":[113],"product_tag":[],"_links":{"self":[{"href":"https:\/\/derimoshop.com\/index.php\/wp-json\/wp\/v2\/product\/11873"}],"collection":[{"href":"https:\/\/derimoshop.com\/index.php\/wp-json\/wp\/v2\/product"}],"about":[{"href":"https:\/\/derimoshop.com\/index.php\/wp-json\/wp\/v2\/types\/product"}],"replies":[{"embeddable":true,"href":"https:\/\/derimoshop.com\/index.php\/wp-json\/wp\/v2\/comments?post=11873"}],"wp:featuredmedia":[{"embeddable":true,"href":"https:\/\/derimoshop.com\/index.php\/wp-json\/wp\/v2\/media\/11874"}],"wp:attachment":[{"href":"https:\/\/derimoshop.com\/index.php\/wp-json\/wp\/v2\/media?parent=11873"}],"wp:term":[{"taxonomy":"product_cat","embeddable":true,"href":"https:\/\/derimoshop.com\/index.php\/wp-json\/wp\/v2\/product_cat?post=11873"},{"taxonomy":"product_tag","embeddable":true,"href":"https:\/\/derimoshop.com\/index.php\/wp-json\/wp\/v2\/product_tag?post=11873"}],"curies":[{"name":"wp","href":"https:\/\/api.w.org\/{rel}","templated":true}]}}