{"id":11705,"date":"2024-07-04T17:12:11","date_gmt":"2024-07-04T14:12:11","guid":{"rendered":"https:\/\/derimoshop.com\/?post_type=product&#038;p=11705"},"modified":"2024-07-04T17:24:39","modified_gmt":"2024-07-04T14:24:39","slug":"deri-cuzdan-18","status":"publish","type":"product","link":"https:\/\/derimoshop.com\/index.php\/product\/deri-cuzdan-18\/","title":{"rendered":"Deri C\u00fczdan"},"content":{"rendered":"<p>HAK\u0130K\u0130 DER\u0130DEN \u0130MAL ED\u0130LM\u0130\u015eT\u0130R.<br \/>\n\u00dcR\u00dcN \u0130\u00c7ER\u0130S\u0130NDE; 4 ADET KART B\u00d6LMES\u0130,<br \/>\n2 ADET G\u0130ZL\u0130 CEP VE KA\u011eIT PARA HAZNES\u0130 BULUNMAKTADIR.<br \/>\n\u00dcR\u00dcN \u00d6L\u00c7\u00dcLER\u0130; 10,5 CM &#8211; 8,5 CM&#8217;D\u0130R.<\/p>\n","protected":false},"excerpt":{"rendered":"<p>HAK\u0130K\u0130 DER\u0130DEN \u0130MAL ED\u0130LM\u0130\u015eT\u0130R.<br \/>\n\u00dcR\u00dcN \u0130\u00c7ER\u0130S\u0130NDE; 4 ADET KART B\u00d6LMES\u0130,<br \/>\n2 ADET G\u0130ZL\u0130 CEP VE KA\u011eIT PARA HAZNES\u0130 BULUNMAKTADIR.<br \/>\n\u00dcR\u00dcN \u00d6L\u00c7\u00dcLER\u0130; 10,5 CM &#8211; 8,5 CM&#8217;D\u0130R.<\/p>\n","protected":false},"featured_media":11706,"comment_status":"open","ping_status":"closed","template":"","meta":[],"product_cat":[65],"product_tag":[],"_links":{"self":[{"href":"https:\/\/derimoshop.com\/index.php\/wp-json\/wp\/v2\/product\/11705"}],"collection":[{"href":"https:\/\/derimoshop.com\/index.php\/wp-json\/wp\/v2\/product"}],"about":[{"href":"https:\/\/derimoshop.com\/index.php\/wp-json\/wp\/v2\/types\/product"}],"replies":[{"embeddable":true,"href":"https:\/\/derimoshop.com\/index.php\/wp-json\/wp\/v2\/comments?post=11705"}],"wp:featuredmedia":[{"embeddable":true,"href":"https:\/\/derimoshop.com\/index.php\/wp-json\/wp\/v2\/media\/11706"}],"wp:attachment":[{"href":"https:\/\/derimoshop.com\/index.php\/wp-json\/wp\/v2\/media?parent=11705"}],"wp:term":[{"taxonomy":"product_cat","embeddable":true,"href":"https:\/\/derimoshop.com\/index.php\/wp-json\/wp\/v2\/product_cat?post=11705"},{"taxonomy":"product_tag","embeddable":true,"href":"https:\/\/derimoshop.com\/index.php\/wp-json\/wp\/v2\/product_tag?post=11705"}],"curies":[{"name":"wp","href":"https:\/\/api.w.org\/{rel}","templated":true}]}}