{"id":11639,"date":"2024-07-04T16:34:44","date_gmt":"2024-07-04T13:34:44","guid":{"rendered":"https:\/\/derimoshop.com\/?post_type=product&#038;p=11639"},"modified":"2024-07-04T16:39:02","modified_gmt":"2024-07-04T13:39:02","slug":"erkek-deri-cuzdan-3","status":"publish","type":"product","link":"https:\/\/derimoshop.com\/index.php\/product\/erkek-deri-cuzdan-3\/","title":{"rendered":"Erkek Deri C\u00fczdan"},"content":{"rendered":"<p>Hakiki Deriden \u0130mal Edilmi\u015ftir.<\/p>\n<p>\u00dcr\u00fcn i\u00e7erisinde 9 adet kartl\u0131k ve 1 adet para haznesi bulunmaktad\u0131r.<\/p>\n<p>\u00fcr\u00fcn \u00f6l\u00e7\u00fcleri:\u00a0 12 cm\u00a0 &#8211;\u00a0 9,5 cm&#8217;dir.<\/p>\n","protected":false},"excerpt":{"rendered":"<p>Hakiki Deriden \u0130mal Edilmi\u015ftir.<\/p>\n<p>\u00dcr\u00fcn i\u00e7erisinde 9 adet kartl\u0131k ve 1 adet para haznesi bulunmaktad\u0131r.<\/p>\n<p>\u00fcr\u00fcn \u00f6l\u00e7\u00fcleri:\u00a0 12 cm\u00a0 &#8211;\u00a0 9,5 cm&#8217;dir.<\/p>\n","protected":false},"featured_media":11640,"comment_status":"open","ping_status":"closed","template":"","meta":[],"product_cat":[65],"product_tag":[],"_links":{"self":[{"href":"https:\/\/derimoshop.com\/index.php\/wp-json\/wp\/v2\/product\/11639"}],"collection":[{"href":"https:\/\/derimoshop.com\/index.php\/wp-json\/wp\/v2\/product"}],"about":[{"href":"https:\/\/derimoshop.com\/index.php\/wp-json\/wp\/v2\/types\/product"}],"replies":[{"embeddable":true,"href":"https:\/\/derimoshop.com\/index.php\/wp-json\/wp\/v2\/comments?post=11639"}],"wp:featuredmedia":[{"embeddable":true,"href":"https:\/\/derimoshop.com\/index.php\/wp-json\/wp\/v2\/media\/11640"}],"wp:attachment":[{"href":"https:\/\/derimoshop.com\/index.php\/wp-json\/wp\/v2\/media?parent=11639"}],"wp:term":[{"taxonomy":"product_cat","embeddable":true,"href":"https:\/\/derimoshop.com\/index.php\/wp-json\/wp\/v2\/product_cat?post=11639"},{"taxonomy":"product_tag","embeddable":true,"href":"https:\/\/derimoshop.com\/index.php\/wp-json\/wp\/v2\/product_tag?post=11639"}],"curies":[{"name":"wp","href":"https:\/\/api.w.org\/{rel}","templated":true}]}}