{"id":11593,"date":"2024-07-04T13:58:03","date_gmt":"2024-07-04T10:58:03","guid":{"rendered":"https:\/\/derimoshop.com\/?post_type=product&#038;p=11593"},"modified":"2024-07-04T14:55:44","modified_gmt":"2024-07-04T11:55:44","slug":"erkek-deri-cuzdan-2","status":"publish","type":"product","link":"https:\/\/derimoshop.com\/index.php\/product\/erkek-deri-cuzdan-2\/","title":{"rendered":"Erkek Deri C\u00fczdan"},"content":{"rendered":"<p>Erkek Deri C\u00fczdan<\/p>\n<p>HAK\u0130K\u0130 DER\u0130DEN \u0130MAL ED\u0130LM\u0130\u015eT\u0130R.<\/p>\n<p>T\u00dcRK\u0130YE&#8217;DE \u00dcRET\u0130LM\u0130\u015eT\u0130R.<\/p>\n<p>\u00dcR\u00dcN \u0130\u00c7ER\u0130S\u0130NDE; 8 ADET KART B\u00d6LMES\u0130VE 1 ADET KA\u011eIT PARA HAZNES\u0130 BULUNMAKTADIR.<\/p>\n<p>\u00dcR\u00dcN DI\u015eINDA \u0130SE; 2 ADET KART B\u00d6LMES\u0130 BULUNMAKTADIR.<\/p>\n<p>\u00dcR\u00dcN \u00d6L\u00c7\u00dcLER\u0130; 10,5 CM &#8211; 9,5 CM&#8217;D\u0130R.<\/p>\n","protected":false},"excerpt":{"rendered":"<p>Erkek Deri C\u00fczdan HAK\u0130K\u0130 DER\u0130DEN \u0130MAL ED\u0130LM\u0130\u015eT\u0130R. T\u00dcRK\u0130YE&#8217;DE \u00dcRET\u0130LM\u0130\u015eT\u0130R. \u00dcR\u00dcN \u0130\u00c7ER\u0130S\u0130NDE; 8 ADET KART B\u00d6LMES\u0130VE 1 ADET KA\u011eIT PARA HAZNES\u0130<\/p>\n","protected":false},"featured_media":11595,"comment_status":"open","ping_status":"closed","template":"","meta":[],"product_cat":[65],"product_tag":[],"_links":{"self":[{"href":"https:\/\/derimoshop.com\/index.php\/wp-json\/wp\/v2\/product\/11593"}],"collection":[{"href":"https:\/\/derimoshop.com\/index.php\/wp-json\/wp\/v2\/product"}],"about":[{"href":"https:\/\/derimoshop.com\/index.php\/wp-json\/wp\/v2\/types\/product"}],"replies":[{"embeddable":true,"href":"https:\/\/derimoshop.com\/index.php\/wp-json\/wp\/v2\/comments?post=11593"}],"wp:featuredmedia":[{"embeddable":true,"href":"https:\/\/derimoshop.com\/index.php\/wp-json\/wp\/v2\/media\/11595"}],"wp:attachment":[{"href":"https:\/\/derimoshop.com\/index.php\/wp-json\/wp\/v2\/media?parent=11593"}],"wp:term":[{"taxonomy":"product_cat","embeddable":true,"href":"https:\/\/derimoshop.com\/index.php\/wp-json\/wp\/v2\/product_cat?post=11593"},{"taxonomy":"product_tag","embeddable":true,"href":"https:\/\/derimoshop.com\/index.php\/wp-json\/wp\/v2\/product_tag?post=11593"}],"curies":[{"name":"wp","href":"https:\/\/api.w.org\/{rel}","templated":true}]}}