{"id":11498,"date":"2024-07-04T10:16:42","date_gmt":"2024-07-04T07:16:42","guid":{"rendered":"https:\/\/derimoshop.com\/?post_type=product&#038;p=11498"},"modified":"2024-07-04T12:27:42","modified_gmt":"2024-07-04T09:27:42","slug":"deri-pasaportluk-2","status":"publish","type":"product","link":"https:\/\/derimoshop.com\/index.php\/product\/deri-pasaportluk-2\/","title":{"rendered":"Deri Pasaportluk"},"content":{"rendered":"<p>Hakiki Deriden \u0130mal Edilmi\u015ftir.<\/p>\n<p>Farkl\u0131 Renk Se\u00e7enekleri Bulunmaktad\u0131r.<\/p>\n<p>\u00dcr\u00fcn \u00d6l\u00e7\u00fcleri; 11cm x 14,5cm<\/p>\n<p>\u00dcr\u00fcn \u0130\u00e7erisinde 1 adet Pasaportluk, 4 adet Kart B\u00f6lmesi ve 1 adet Gizli Fermuarl\u0131 Haznesi bulunmaktad\u0131r.<\/p>\n<p>\u00dcr\u00fcn D\u0131\u015f K\u0131sm\u0131nda 1 Adet Kart B\u00f6lmesi Bulunmaktad\u0131r.<\/p>\n","protected":false},"excerpt":{"rendered":"<p>Hakiki Deriden \u0130mal Edilmi\u015ftir.<\/p>\n<p>Farkl\u0131 Renk Se\u00e7enekleri Bulunmaktad\u0131r.<\/p>\n<p>\u00dcr\u00fcn \u00d6l\u00e7\u00fcleri; 11cm x 14,5cm<\/p>\n<p>\u00dcr\u00fcn \u0130\u00e7erisinde 1 adet Pasaportluk, 4 adet Kart B\u00f6lmesi ve 1 adet Gizli Fermuarl\u0131 Haznesi bulunmaktad\u0131r.<\/p>\n<p>\u00dcr\u00fcn D\u0131\u015f K\u0131sm\u0131nda 1 Adet Kart B\u00f6lmesi Bulunmaktad\u0131r.<\/p>\n","protected":false},"featured_media":11499,"comment_status":"open","ping_status":"closed","template":"","meta":[],"product_cat":[113,65],"product_tag":[],"_links":{"self":[{"href":"https:\/\/derimoshop.com\/index.php\/wp-json\/wp\/v2\/product\/11498"}],"collection":[{"href":"https:\/\/derimoshop.com\/index.php\/wp-json\/wp\/v2\/product"}],"about":[{"href":"https:\/\/derimoshop.com\/index.php\/wp-json\/wp\/v2\/types\/product"}],"replies":[{"embeddable":true,"href":"https:\/\/derimoshop.com\/index.php\/wp-json\/wp\/v2\/comments?post=11498"}],"wp:featuredmedia":[{"embeddable":true,"href":"https:\/\/derimoshop.com\/index.php\/wp-json\/wp\/v2\/media\/11499"}],"wp:attachment":[{"href":"https:\/\/derimoshop.com\/index.php\/wp-json\/wp\/v2\/media?parent=11498"}],"wp:term":[{"taxonomy":"product_cat","embeddable":true,"href":"https:\/\/derimoshop.com\/index.php\/wp-json\/wp\/v2\/product_cat?post=11498"},{"taxonomy":"product_tag","embeddable":true,"href":"https:\/\/derimoshop.com\/index.php\/wp-json\/wp\/v2\/product_tag?post=11498"}],"curies":[{"name":"wp","href":"https:\/\/api.w.org\/{rel}","templated":true}]}}