{"id":11037,"date":"2024-06-27T15:04:23","date_gmt":"2024-06-27T12:04:23","guid":{"rendered":"https:\/\/derimoshop.com\/?post_type=product&#038;p=11037"},"modified":"2024-07-02T16:03:07","modified_gmt":"2024-07-02T13:03:07","slug":"klasik-erkek-pantolon","status":"publish","type":"product","link":"https:\/\/derimoshop.com\/index.php\/product\/klasik-erkek-pantolon\/","title":{"rendered":"Klasik Erkek Pantolon"},"content":{"rendered":"<p>Klasik Erkek Pantolon.<\/p>\n<p>T\u00fcrkiye&#8217;de \u00dcretilmi\u015ftir.<\/p>\n<p>24 Saat \u0130\u00e7erisinde Kargoda.<\/p>\n<p>Bedenlerimiz Standart Kal\u0131pt\u0131r.<\/p>\n<p>Bedenlerimiz; 28-30-32-34-36-38-40&#8217;d\u0131r.<\/p>\n<p>%52 COT %46 V\u0130S %2 EA<\/p>\n","protected":false},"excerpt":{"rendered":"<p>Klasik Erkek Pantolon.<\/p>\n<p>T\u00fcrkiye&#8217;de \u00dcretilmi\u015ftir.<\/p>\n<p>24 Saat \u0130\u00e7erisinde Kargoda.<\/p>\n<p>Bedenlerimiz Standart Kal\u0131pt\u0131r.<\/p>\n<p>Bedenlerimiz; 28-30-32-34-36-38-40&#8217;d\u0131r.<\/p>\n<p>%52 COT %46 V\u0130S %2 EA<\/p>\n","protected":false},"featured_media":11039,"comment_status":"open","ping_status":"closed","template":"","meta":[],"product_cat":[15],"product_tag":[],"_links":{"self":[{"href":"https:\/\/derimoshop.com\/index.php\/wp-json\/wp\/v2\/product\/11037"}],"collection":[{"href":"https:\/\/derimoshop.com\/index.php\/wp-json\/wp\/v2\/product"}],"about":[{"href":"https:\/\/derimoshop.com\/index.php\/wp-json\/wp\/v2\/types\/product"}],"replies":[{"embeddable":true,"href":"https:\/\/derimoshop.com\/index.php\/wp-json\/wp\/v2\/comments?post=11037"}],"wp:featuredmedia":[{"embeddable":true,"href":"https:\/\/derimoshop.com\/index.php\/wp-json\/wp\/v2\/media\/11039"}],"wp:attachment":[{"href":"https:\/\/derimoshop.com\/index.php\/wp-json\/wp\/v2\/media?parent=11037"}],"wp:term":[{"taxonomy":"product_cat","embeddable":true,"href":"https:\/\/derimoshop.com\/index.php\/wp-json\/wp\/v2\/product_cat?post=11037"},{"taxonomy":"product_tag","embeddable":true,"href":"https:\/\/derimoshop.com\/index.php\/wp-json\/wp\/v2\/product_tag?post=11037"}],"curies":[{"name":"wp","href":"https:\/\/api.w.org\/{rel}","templated":true}]}}