{"id":10986,"date":"2024-06-27T14:18:12","date_gmt":"2024-06-27T11:18:12","guid":{"rendered":"https:\/\/derimoshop.com\/?post_type=product&#038;p=10986"},"modified":"2025-04-05T10:14:26","modified_gmt":"2025-04-05T07:14:26","slug":"coklu-deri-saatlik-2","status":"publish","type":"product","link":"https:\/\/derimoshop.com\/index.php\/product\/coklu-deri-saatlik-2\/","title":{"rendered":"\u00c7oklu Deri Saatlik"},"content":{"rendered":"<p>\u00c7oklu Deri Saatlik<\/p>\n<p>Hakiki Deriden \u0130mal Edilmi\u015ftir.<\/p>\n<p>Farkl\u0131 Renk Se\u00e7enekleri Bulunmaktad\u0131r.<\/p>\n<p>100% deri<\/p>\n<p>Saatlik tekli<\/p>\n<p>1.s\u0131n\u0131f Hakiki Deri\u2019dir<\/p>\n<p>Saatliklerimiz i\u00e7inde saat yoktur.<\/p>\n<p>ayn\u0131 g\u00fcn kargo<\/p>\n","protected":false},"excerpt":{"rendered":"<p>\u00c7oklu Deri Saatlik<\/p>\n<p>Hakiki Deriden \u0130mal Edilmi\u015ftir.<\/p>\n<p>Farkl\u0131 Renk Se\u00e7enekleri Bulunmaktad\u0131r.<\/p>\n<p>100% deri<\/p>\n<p>Saatlik tekli<\/p>\n<p>1.s\u0131n\u0131f Hakiki Deri\u2019dir<\/p>\n<p>Saatliklerimiz i\u00e7inde saat yoktur.<\/p>\n<p>ayn\u0131 g\u00fcn kargo<\/p>\n","protected":false},"featured_media":10987,"comment_status":"open","ping_status":"closed","template":"","meta":[],"product_cat":[113],"product_tag":[],"_links":{"self":[{"href":"https:\/\/derimoshop.com\/index.php\/wp-json\/wp\/v2\/product\/10986"}],"collection":[{"href":"https:\/\/derimoshop.com\/index.php\/wp-json\/wp\/v2\/product"}],"about":[{"href":"https:\/\/derimoshop.com\/index.php\/wp-json\/wp\/v2\/types\/product"}],"replies":[{"embeddable":true,"href":"https:\/\/derimoshop.com\/index.php\/wp-json\/wp\/v2\/comments?post=10986"}],"wp:featuredmedia":[{"embeddable":true,"href":"https:\/\/derimoshop.com\/index.php\/wp-json\/wp\/v2\/media\/10987"}],"wp:attachment":[{"href":"https:\/\/derimoshop.com\/index.php\/wp-json\/wp\/v2\/media?parent=10986"}],"wp:term":[{"taxonomy":"product_cat","embeddable":true,"href":"https:\/\/derimoshop.com\/index.php\/wp-json\/wp\/v2\/product_cat?post=10986"},{"taxonomy":"product_tag","embeddable":true,"href":"https:\/\/derimoshop.com\/index.php\/wp-json\/wp\/v2\/product_tag?post=10986"}],"curies":[{"name":"wp","href":"https:\/\/api.w.org\/{rel}","templated":true}]}}