{"id":10981,"date":"2024-06-27T13:52:33","date_gmt":"2024-06-27T10:52:33","guid":{"rendered":"https:\/\/derimoshop.com\/?post_type=product&#038;p=10981"},"modified":"2025-04-05T10:12:00","modified_gmt":"2025-04-05T07:12:00","slug":"10981","status":"publish","type":"product","link":"https:\/\/derimoshop.com\/index.php\/product\/10981\/","title":{"rendered":"\u00c7oklu Deri Saatlik"},"content":{"rendered":"<p>\u00c7oklu Deri Saatlik<\/p>\n<p>Hakiki Deriden \u0130mal Edilmi\u015ftir.<\/p>\n<p>Farkl\u0131 Renk Se\u00e7enekleri Bulunmaktad\u0131r.<\/p>\n<p>100% deri<\/p>\n<p>Saatlik tekli<\/p>\n<p>1.s\u0131n\u0131f Hakiki Deri\u2019dir<\/p>\n<p>Saatliklerimiz i\u00e7inde saat yoktur.<\/p>\n<p>ayn\u0131 g\u00fcn kargo<\/p>\n","protected":false},"excerpt":{"rendered":"<p>\u00c7oklu Deri Saatlik<\/p>\n<p>Hakiki Deriden \u0130mal Edilmi\u015ftir.<\/p>\n<p>Farkl\u0131 Renk Se\u00e7enekleri Bulunmaktad\u0131r.<\/p>\n<p>100% deri<\/p>\n<p>Saatlik tekli<\/p>\n<p>1.s\u0131n\u0131f Hakiki Deri\u2019dir<\/p>\n<p>Saatliklerimiz i\u00e7inde saat yoktur.<\/p>\n<p>ayn\u0131 g\u00fcn kargo<\/p>\n","protected":false},"featured_media":10982,"comment_status":"open","ping_status":"closed","template":"","meta":[],"product_cat":[113],"product_tag":[],"_links":{"self":[{"href":"https:\/\/derimoshop.com\/index.php\/wp-json\/wp\/v2\/product\/10981"}],"collection":[{"href":"https:\/\/derimoshop.com\/index.php\/wp-json\/wp\/v2\/product"}],"about":[{"href":"https:\/\/derimoshop.com\/index.php\/wp-json\/wp\/v2\/types\/product"}],"replies":[{"embeddable":true,"href":"https:\/\/derimoshop.com\/index.php\/wp-json\/wp\/v2\/comments?post=10981"}],"wp:featuredmedia":[{"embeddable":true,"href":"https:\/\/derimoshop.com\/index.php\/wp-json\/wp\/v2\/media\/10982"}],"wp:attachment":[{"href":"https:\/\/derimoshop.com\/index.php\/wp-json\/wp\/v2\/media?parent=10981"}],"wp:term":[{"taxonomy":"product_cat","embeddable":true,"href":"https:\/\/derimoshop.com\/index.php\/wp-json\/wp\/v2\/product_cat?post=10981"},{"taxonomy":"product_tag","embeddable":true,"href":"https:\/\/derimoshop.com\/index.php\/wp-json\/wp\/v2\/product_tag?post=10981"}],"curies":[{"name":"wp","href":"https:\/\/api.w.org\/{rel}","templated":true}]}}