{"id":10894,"date":"2024-06-26T15:54:45","date_gmt":"2024-06-26T12:54:45","guid":{"rendered":"https:\/\/derimoshop.com\/?post_type=product&#038;p=10894"},"modified":"2025-04-05T10:15:14","modified_gmt":"2025-04-05T07:15:14","slug":"saatlik-tekli","status":"publish","type":"product","link":"https:\/\/derimoshop.com\/index.php\/product\/saatlik-tekli\/","title":{"rendered":"Tekli Deri Saatlik"},"content":{"rendered":"<p>Hakiki Deriden \u0130mal Edilmi\u015ftir.<\/p>\n<p>Farkl\u0131 Renk Se\u00e7enekleri Bulunmaktad\u0131r.<\/p>\n<p>100% deri<\/p>\n<p>Saatlik tekli<\/p>\n<p>1.s\u0131n\u0131f Hakiki Deri\u2019dir<\/p>\n<p>Saatliklerimiz i\u00e7inde saat yoktur.<\/p>\n","protected":false},"excerpt":{"rendered":"<p>Hakiki Deriden \u0130mal Edilmi\u015ftir.<\/p>\n<p>Farkl\u0131 Renk Se\u00e7enekleri Bulunmaktad\u0131r.<\/p>\n<p>100% deri<\/p>\n<p>Saatlik tekli<\/p>\n<p>1.s\u0131n\u0131f Hakiki Deri\u2019dir<\/p>\n<p>Saatliklerimiz i\u00e7inde saat yoktur.<\/p>\n","protected":false},"featured_media":10895,"comment_status":"open","ping_status":"closed","template":"","meta":[],"product_cat":[113],"product_tag":[],"_links":{"self":[{"href":"https:\/\/derimoshop.com\/index.php\/wp-json\/wp\/v2\/product\/10894"}],"collection":[{"href":"https:\/\/derimoshop.com\/index.php\/wp-json\/wp\/v2\/product"}],"about":[{"href":"https:\/\/derimoshop.com\/index.php\/wp-json\/wp\/v2\/types\/product"}],"replies":[{"embeddable":true,"href":"https:\/\/derimoshop.com\/index.php\/wp-json\/wp\/v2\/comments?post=10894"}],"wp:featuredmedia":[{"embeddable":true,"href":"https:\/\/derimoshop.com\/index.php\/wp-json\/wp\/v2\/media\/10895"}],"wp:attachment":[{"href":"https:\/\/derimoshop.com\/index.php\/wp-json\/wp\/v2\/media?parent=10894"}],"wp:term":[{"taxonomy":"product_cat","embeddable":true,"href":"https:\/\/derimoshop.com\/index.php\/wp-json\/wp\/v2\/product_cat?post=10894"},{"taxonomy":"product_tag","embeddable":true,"href":"https:\/\/derimoshop.com\/index.php\/wp-json\/wp\/v2\/product_tag?post=10894"}],"curies":[{"name":"wp","href":"https:\/\/api.w.org\/{rel}","templated":true}]}}