{"id":10622,"date":"2022-09-26T15:48:41","date_gmt":"2022-09-26T12:48:41","guid":{"rendered":"https:\/\/derimoshop.com\/?post_type=product&#038;p=10622"},"modified":"2024-05-14T13:30:43","modified_gmt":"2024-05-14T10:30:43","slug":"deri-cuzdan-16","status":"publish","type":"product","link":"https:\/\/derimoshop.com\/index.php\/product\/deri-cuzdan-16\/","title":{"rendered":"Deri C\u00fczdan"},"content":{"rendered":"<p>Hakiki Deriden \u0130mal Edilmi\u015ftir.<\/p>\n<p>\u00dcr\u00fcn \u00d6l\u00e7\u00fcleri; 11cm X 9cm<\/p>\n<p>\u00dcr\u00fcn \u0130\u00e7erisinde; 6 Adet Kartl\u0131k,1 Adet Kimlik,1 Adet Bozuk Para Haznesi ve 2 Adet Ka\u011f\u0131t Para B\u00f6lmesi Mevcuttur.<\/p>\n<p>Farkl\u0131 Renk Se\u00e7enekleri Bulunmaktad\u0131r.<\/p>\n","protected":false},"excerpt":{"rendered":"<p><em><strong>#KaliteyiBa\u015fkaYerdeArama<\/strong><\/em><\/p>\n<h6>Renk: SIYAH<\/h6>\n<h6>Kod: 2002<\/h6>\n<h6>Marka: DER\u0130MO LEATHER<\/h6>\n","protected":false},"featured_media":10575,"comment_status":"open","ping_status":"closed","template":"","meta":[],"product_cat":[65,73],"product_tag":[],"_links":{"self":[{"href":"https:\/\/derimoshop.com\/index.php\/wp-json\/wp\/v2\/product\/10622"}],"collection":[{"href":"https:\/\/derimoshop.com\/index.php\/wp-json\/wp\/v2\/product"}],"about":[{"href":"https:\/\/derimoshop.com\/index.php\/wp-json\/wp\/v2\/types\/product"}],"replies":[{"embeddable":true,"href":"https:\/\/derimoshop.com\/index.php\/wp-json\/wp\/v2\/comments?post=10622"}],"wp:featuredmedia":[{"embeddable":true,"href":"https:\/\/derimoshop.com\/index.php\/wp-json\/wp\/v2\/media\/10575"}],"wp:attachment":[{"href":"https:\/\/derimoshop.com\/index.php\/wp-json\/wp\/v2\/media?parent=10622"}],"wp:term":[{"taxonomy":"product_cat","embeddable":true,"href":"https:\/\/derimoshop.com\/index.php\/wp-json\/wp\/v2\/product_cat?post=10622"},{"taxonomy":"product_tag","embeddable":true,"href":"https:\/\/derimoshop.com\/index.php\/wp-json\/wp\/v2\/product_tag?post=10622"}],"curies":[{"name":"wp","href":"https:\/\/api.w.org\/{rel}","templated":true}]}}