{"id":10618,"date":"2022-09-26T15:13:00","date_gmt":"2022-09-26T12:13:00","guid":{"rendered":"https:\/\/derimoshop.com\/?post_type=product&#038;p=10618"},"modified":"2024-05-14T13:31:03","modified_gmt":"2024-05-14T10:31:03","slug":"deri-cuzdan-13","status":"publish","type":"product","link":"https:\/\/derimoshop.com\/index.php\/product\/deri-cuzdan-13\/","title":{"rendered":"Deri C\u00fczdan"},"content":{"rendered":"<p>Hakiki Deriden \u0130mal Edilmi\u015ftir.<\/p>\n<p>\u00dcr\u00fcn \u00d6l\u00e7\u00fcleri; 12,5cm X 9,5cm<\/p>\n<p>\u00dcr\u00fcn \u0130\u00e7inde; 8 Adet Kartl\u0131k,3 Adet Kimlik,1 Adet Bozuk Para Haznesi ve 2 Adet Ka\u011f\u0131t Para B\u00f6lmesi Mevcuttur.<\/p>\n<p>Farkl\u0131 Renk Se\u00e7enekleri Bulunmaktad\u0131r.<\/p>\n","protected":false},"excerpt":{"rendered":"<p><em><strong>#KaliteyiBa\u015fkaYerdeArama<\/strong><\/em><\/p>\n<h6>Renk:\u00a0 KAHVERENGI<\/h6>\n<h6>Kod: 2006<\/h6>\n<h6>Marka: DER\u0130MO LEATHER<\/h6>\n","protected":false},"featured_media":10577,"comment_status":"open","ping_status":"closed","template":"","meta":[],"product_cat":[65,73],"product_tag":[],"_links":{"self":[{"href":"https:\/\/derimoshop.com\/index.php\/wp-json\/wp\/v2\/product\/10618"}],"collection":[{"href":"https:\/\/derimoshop.com\/index.php\/wp-json\/wp\/v2\/product"}],"about":[{"href":"https:\/\/derimoshop.com\/index.php\/wp-json\/wp\/v2\/types\/product"}],"replies":[{"embeddable":true,"href":"https:\/\/derimoshop.com\/index.php\/wp-json\/wp\/v2\/comments?post=10618"}],"wp:featuredmedia":[{"embeddable":true,"href":"https:\/\/derimoshop.com\/index.php\/wp-json\/wp\/v2\/media\/10577"}],"wp:attachment":[{"href":"https:\/\/derimoshop.com\/index.php\/wp-json\/wp\/v2\/media?parent=10618"}],"wp:term":[{"taxonomy":"product_cat","embeddable":true,"href":"https:\/\/derimoshop.com\/index.php\/wp-json\/wp\/v2\/product_cat?post=10618"},{"taxonomy":"product_tag","embeddable":true,"href":"https:\/\/derimoshop.com\/index.php\/wp-json\/wp\/v2\/product_tag?post=10618"}],"curies":[{"name":"wp","href":"https:\/\/api.w.org\/{rel}","templated":true}]}}