{"id":10536,"date":"2022-08-19T19:37:22","date_gmt":"2022-08-19T16:37:22","guid":{"rendered":"https:\/\/derimoshop.com\/?post_type=product&#038;p=10536"},"modified":"2024-05-14T13:35:57","modified_gmt":"2024-05-14T10:35:57","slug":"deri-cuzdan-2","status":"publish","type":"product","link":"https:\/\/derimoshop.com\/index.php\/product\/deri-cuzdan-2\/","title":{"rendered":"Deri C\u00fczdan"},"content":{"rendered":"<p>Hakiki Deriden \u0130mal Edilmi\u015ftir.<\/p>\n<p>Aksesuarlar\u0131 Paslanmaz Metalden \u00dcretilmi\u015ftir.<\/p>\n<p>\u00dcr\u00fcn \u00d6l\u00e7\u00fcleri; 11,5cm &#8211; 9cm<\/p>\n<p>\u00dcr\u00fcn \u0130\u00e7inde; 9 Adet Kartl\u0131k,1Adet Ka\u011f\u0131t Para Haznesi,1 Adet Bozuk Para Haznesi,1 Adet Kimlik B\u00f6lmesi Mevcuttur.<\/p>\n<p>Farkl\u0131 Renk Se\u00e7enekleri Vard\u0131r.<\/p>\n","protected":false},"excerpt":{"rendered":"<p><em><strong>#KaliteyiBa\u015fkaYerdeArama<\/strong><\/em><\/p>\n<h6>Renk: S\u0130YAH<\/h6>\n<h6>Kod: 2004<\/h6>\n<h6>Marka: DER\u0130MO LEATHER<\/h6>\n","protected":false},"featured_media":10535,"comment_status":"open","ping_status":"closed","template":"","meta":[],"product_cat":[73],"product_tag":[],"_links":{"self":[{"href":"https:\/\/derimoshop.com\/index.php\/wp-json\/wp\/v2\/product\/10536"}],"collection":[{"href":"https:\/\/derimoshop.com\/index.php\/wp-json\/wp\/v2\/product"}],"about":[{"href":"https:\/\/derimoshop.com\/index.php\/wp-json\/wp\/v2\/types\/product"}],"replies":[{"embeddable":true,"href":"https:\/\/derimoshop.com\/index.php\/wp-json\/wp\/v2\/comments?post=10536"}],"wp:featuredmedia":[{"embeddable":true,"href":"https:\/\/derimoshop.com\/index.php\/wp-json\/wp\/v2\/media\/10535"}],"wp:attachment":[{"href":"https:\/\/derimoshop.com\/index.php\/wp-json\/wp\/v2\/media?parent=10536"}],"wp:term":[{"taxonomy":"product_cat","embeddable":true,"href":"https:\/\/derimoshop.com\/index.php\/wp-json\/wp\/v2\/product_cat?post=10536"},{"taxonomy":"product_tag","embeddable":true,"href":"https:\/\/derimoshop.com\/index.php\/wp-json\/wp\/v2\/product_tag?post=10536"}],"curies":[{"name":"wp","href":"https:\/\/api.w.org\/{rel}","templated":true}]}}