{"id":10532,"date":"2022-08-19T19:27:54","date_gmt":"2022-08-19T16:27:54","guid":{"rendered":"https:\/\/derimoshop.com\/?post_type=product&#038;p=10532"},"modified":"2024-05-14T13:36:12","modified_gmt":"2024-05-14T10:36:12","slug":"deri-kartlik-4","status":"publish","type":"product","link":"https:\/\/derimoshop.com\/index.php\/product\/deri-kartlik-4\/","title":{"rendered":"Deri Kartl\u0131k"},"content":{"rendered":"<p>Hakiki Deriden \u0130mal Edilmi\u015ftir.<\/p>\n<p>Paslanmaz Metal Aksesuar Kullan\u0131lm\u0131\u015ft\u0131r.<\/p>\n<p>\u00dcr\u00fcn \u00d6l\u00e7\u00fcleri; 12,5cm &#8211;\u00a0 9cm<\/p>\n<p>\u00dcr\u00fcn \u0130\u00e7inde; 8 Adet Kartl\u0131k,1 Adet Bozuk Para Haznesi,3 Adet Kimlik B\u00f6lmesi(G\u00f6r\u00fclebilir Kartl\u0131k),2 Adet Ka\u011f\u0131t Para B\u00f6lmesi Mevcuttur.<\/p>\n<p>Farkl\u0131 Renk Se\u00e7enekleri Mevcuttur.<\/p>\n","protected":false},"excerpt":{"rendered":"<p><em><strong>#KaliteyiBa\u015fkaYerdeArama<\/strong><\/em><\/p>\n<h6>Renk: TABA<\/h6>\n<h6>Kod: 20006<\/h6>\n<h6>Marka: DER\u0130MO LEATHER<\/h6>\n","protected":false},"featured_media":10533,"comment_status":"open","ping_status":"closed","template":"","meta":[],"product_cat":[73],"product_tag":[],"_links":{"self":[{"href":"https:\/\/derimoshop.com\/index.php\/wp-json\/wp\/v2\/product\/10532"}],"collection":[{"href":"https:\/\/derimoshop.com\/index.php\/wp-json\/wp\/v2\/product"}],"about":[{"href":"https:\/\/derimoshop.com\/index.php\/wp-json\/wp\/v2\/types\/product"}],"replies":[{"embeddable":true,"href":"https:\/\/derimoshop.com\/index.php\/wp-json\/wp\/v2\/comments?post=10532"}],"wp:featuredmedia":[{"embeddable":true,"href":"https:\/\/derimoshop.com\/index.php\/wp-json\/wp\/v2\/media\/10533"}],"wp:attachment":[{"href":"https:\/\/derimoshop.com\/index.php\/wp-json\/wp\/v2\/media?parent=10532"}],"wp:term":[{"taxonomy":"product_cat","embeddable":true,"href":"https:\/\/derimoshop.com\/index.php\/wp-json\/wp\/v2\/product_cat?post=10532"},{"taxonomy":"product_tag","embeddable":true,"href":"https:\/\/derimoshop.com\/index.php\/wp-json\/wp\/v2\/product_tag?post=10532"}],"curies":[{"name":"wp","href":"https:\/\/api.w.org\/{rel}","templated":true}]}}