{"id":10523,"date":"2022-08-19T19:15:52","date_gmt":"2022-08-19T16:15:52","guid":{"rendered":"https:\/\/derimoshop.com\/?post_type=product&#038;p=10523"},"modified":"2024-05-14T13:36:40","modified_gmt":"2024-05-14T10:36:40","slug":"deri-kartlik-2","status":"publish","type":"product","link":"https:\/\/derimoshop.com\/index.php\/product\/deri-kartlik-2\/","title":{"rendered":"Deri Kartl\u0131k"},"content":{"rendered":"<p>Hakiki Deriden \u0130mal Edilmi\u015ftir.<\/p>\n<p>Paslanmaz Metalden Yap\u0131lm\u0131\u015f Aksesuarlar Kullan\u0131lm\u0131\u015ft\u0131r.<\/p>\n<p>\u00dcr\u00fcn \u00d6l\u00e7\u00fcs\u00fc; 10,5cm \u2013\u00a0 9cm<\/p>\n<p>\u00dcr\u00fcn \u0130\u00e7erisinde 12 Adet KARTLIK ve 1 Adet PARA KOYMA HAZNES\u0130 mevcuttur.<\/p>\n<p>Farkl\u0131 Renk Se\u00e7enekleri Vard\u0131r.<\/p>\n","protected":false},"excerpt":{"rendered":"<p><em><strong>#KaliteyiBa\u015fkaYerdeArama<\/strong><\/em><\/p>\n<h6>Renk: KAHVERENG\u0130<\/h6>\n<h6>Kod: 2015<\/h6>\n<h6>Marka: DER\u0130MO LEATHER<\/h6>\n","protected":false},"featured_media":10528,"comment_status":"open","ping_status":"closed","template":"","meta":[],"product_cat":[74],"product_tag":[],"_links":{"self":[{"href":"https:\/\/derimoshop.com\/index.php\/wp-json\/wp\/v2\/product\/10523"}],"collection":[{"href":"https:\/\/derimoshop.com\/index.php\/wp-json\/wp\/v2\/product"}],"about":[{"href":"https:\/\/derimoshop.com\/index.php\/wp-json\/wp\/v2\/types\/product"}],"replies":[{"embeddable":true,"href":"https:\/\/derimoshop.com\/index.php\/wp-json\/wp\/v2\/comments?post=10523"}],"wp:featuredmedia":[{"embeddable":true,"href":"https:\/\/derimoshop.com\/index.php\/wp-json\/wp\/v2\/media\/10528"}],"wp:attachment":[{"href":"https:\/\/derimoshop.com\/index.php\/wp-json\/wp\/v2\/media?parent=10523"}],"wp:term":[{"taxonomy":"product_cat","embeddable":true,"href":"https:\/\/derimoshop.com\/index.php\/wp-json\/wp\/v2\/product_cat?post=10523"},{"taxonomy":"product_tag","embeddable":true,"href":"https:\/\/derimoshop.com\/index.php\/wp-json\/wp\/v2\/product_tag?post=10523"}],"curies":[{"name":"wp","href":"https:\/\/api.w.org\/{rel}","templated":true}]}}