{"id":10500,"date":"2022-08-17T17:07:55","date_gmt":"2022-08-17T14:07:55","guid":{"rendered":"https:\/\/derimoshop.com\/?post_type=product&#038;p=10500"},"modified":"2024-05-23T16:12:56","modified_gmt":"2024-05-23T13:12:56","slug":"deri-capraz-canta-3","status":"publish","type":"product","link":"https:\/\/derimoshop.com\/index.php\/product\/deri-capraz-canta-3\/","title":{"rendered":"Deri \u00c7apraz \u00c7anta"},"content":{"rendered":"<p>Hakiki Deriden \u0130mal Edilmi\u015ftir.<\/p>\n<p>Aksesuar ve Fermuarlar\u0131 Paslanmaz Metalden Yap\u0131lm\u0131\u015ft\u0131r.<\/p>\n<p>\u00dcr\u00fcn \u00d6l\u00e7\u00fcleri;\u00a0 27cm \u2013 19cm (\u0130\u00e7 Geni\u015fli\u011fi 7cm\u2019dir)<\/p>\n<p>\u00dcr\u00fcn \u00d6n\u00fcnde Bir Cep ve \u0130ki B\u00f6l\u00fcmden Olu\u015fmaktad\u0131r.Arka B\u00f6l\u00fcm\u00fcnde Fermuarl\u0131 Cep Bulunmaktad\u0131r.<\/p>\n<p>Farkl\u0131 Renk Se\u00e7enekleri Mevcuttur.<\/p>\n","protected":false},"excerpt":{"rendered":"<p><em><strong>#KaliteyiBa\u015fkaYerdeArama<\/strong><\/em><\/p>\n<h6>Renk: Lacivert<\/h6>\n<h6>Kod: 1027<\/h6>\n<h6>Marka: DER\u0130MO LEATHER<\/h6>\n","protected":false},"featured_media":10498,"comment_status":"open","ping_status":"closed","template":"","meta":[],"product_cat":[64],"product_tag":[],"_links":{"self":[{"href":"https:\/\/derimoshop.com\/index.php\/wp-json\/wp\/v2\/product\/10500"}],"collection":[{"href":"https:\/\/derimoshop.com\/index.php\/wp-json\/wp\/v2\/product"}],"about":[{"href":"https:\/\/derimoshop.com\/index.php\/wp-json\/wp\/v2\/types\/product"}],"replies":[{"embeddable":true,"href":"https:\/\/derimoshop.com\/index.php\/wp-json\/wp\/v2\/comments?post=10500"}],"wp:featuredmedia":[{"embeddable":true,"href":"https:\/\/derimoshop.com\/index.php\/wp-json\/wp\/v2\/media\/10498"}],"wp:attachment":[{"href":"https:\/\/derimoshop.com\/index.php\/wp-json\/wp\/v2\/media?parent=10500"}],"wp:term":[{"taxonomy":"product_cat","embeddable":true,"href":"https:\/\/derimoshop.com\/index.php\/wp-json\/wp\/v2\/product_cat?post=10500"},{"taxonomy":"product_tag","embeddable":true,"href":"https:\/\/derimoshop.com\/index.php\/wp-json\/wp\/v2\/product_tag?post=10500"}],"curies":[{"name":"wp","href":"https:\/\/api.w.org\/{rel}","templated":true}]}}