{"id":10494,"date":"2022-08-17T16:48:58","date_gmt":"2022-08-17T13:48:58","guid":{"rendered":"https:\/\/derimoshop.com\/?post_type=product&#038;p=10494"},"modified":"2024-05-23T16:14:06","modified_gmt":"2024-05-23T13:14:06","slug":"deri-canta-9","status":"publish","type":"product","link":"https:\/\/derimoshop.com\/index.php\/product\/deri-canta-9\/","title":{"rendered":"Deri \u00c7anta"},"content":{"rendered":"<p>Hakiki Deriden \u0130mal Edilmi\u015ftir.<\/p>\n<p>Aksesuar ve Fermuar\u0131 Paslanmaz Metalden \u0130mal Edilmi\u015ftir.<\/p>\n<p>\u00dcr\u00fcn \u00d6l\u00e7\u00fcleri; 28cm \u2013 17cm (\u0130\u00e7 Geni\u015fli\u011fi 7cm\u2019dir)<\/p>\n<p>\u00dcr\u00fcn\u00fcm\u00fczde \u015eifrelenebilir Kilit Kullan\u0131lm\u0131\u015ft\u0131r.\u00dcr\u00fcn \u0130\u00e7inde Elde Ta\u015f\u0131nabilmesi \u0130\u00e7in Saklanabilir Tutama\u00e7 Bulunmaktad\u0131r.\u00dcr\u00fcn \u0130\u00e7erisinde 2 Ana B\u00f6lme Bir Fermuarl\u0131 B\u00f6lme ve Bir Fermuarl\u0131 Cep Bulunmaktad\u0131r.<\/p>\n<p>\u00dcr\u00fcn\u00fcm\u00fcz Elde ve Omuzda Ta\u015f\u0131nmaya Uygundur.(Omuzda Ta\u015f\u0131nabilmesi \u0130\u00e7in Gerekli Ask\u0131l\u0131k \u00dcr\u00fcn \u0130\u00e7erisinde Mevcuttur)<\/p>\n<p>Farkl\u0131 Renk Se\u00e7enekleri Vard\u0131r.<\/p>\n","protected":false},"excerpt":{"rendered":"<p><em><strong>#KaliteyiBa\u015fkaYerdeArama<\/strong><\/em><\/p>\n<h6>Renk: Kahverengi<\/h6>\n<h6>Kod: 1048<\/h6>\n<h6>Marka: DER\u0130MO LEATHER<\/h6>\n","protected":false},"featured_media":10491,"comment_status":"open","ping_status":"closed","template":"","meta":[],"product_cat":[64,76],"product_tag":[],"_links":{"self":[{"href":"https:\/\/derimoshop.com\/index.php\/wp-json\/wp\/v2\/product\/10494"}],"collection":[{"href":"https:\/\/derimoshop.com\/index.php\/wp-json\/wp\/v2\/product"}],"about":[{"href":"https:\/\/derimoshop.com\/index.php\/wp-json\/wp\/v2\/types\/product"}],"replies":[{"embeddable":true,"href":"https:\/\/derimoshop.com\/index.php\/wp-json\/wp\/v2\/comments?post=10494"}],"wp:featuredmedia":[{"embeddable":true,"href":"https:\/\/derimoshop.com\/index.php\/wp-json\/wp\/v2\/media\/10491"}],"wp:attachment":[{"href":"https:\/\/derimoshop.com\/index.php\/wp-json\/wp\/v2\/media?parent=10494"}],"wp:term":[{"taxonomy":"product_cat","embeddable":true,"href":"https:\/\/derimoshop.com\/index.php\/wp-json\/wp\/v2\/product_cat?post=10494"},{"taxonomy":"product_tag","embeddable":true,"href":"https:\/\/derimoshop.com\/index.php\/wp-json\/wp\/v2\/product_tag?post=10494"}],"curies":[{"name":"wp","href":"https:\/\/api.w.org\/{rel}","templated":true}]}}