{"id":10443,"date":"2022-08-16T16:13:41","date_gmt":"2022-08-16T13:13:41","guid":{"rendered":"https:\/\/derimoshop.com\/?post_type=product&#038;p=10443"},"modified":"2024-05-23T16:17:58","modified_gmt":"2024-05-23T13:17:58","slug":"deri-evrak-cantasi-28","status":"publish","type":"product","link":"https:\/\/derimoshop.com\/index.php\/product\/deri-evrak-cantasi-28\/","title":{"rendered":"Deri Evrak \u00c7antas\u0131"},"content":{"rendered":"<p>Hakiki Deriden \u0130mal Edilmi\u015ftir.<\/p>\n<p>Aksesuarlar\u0131 ve Fermuar\u0131 Paslanmaz Metalden \u00dcretilmi\u015ftir.<\/p>\n<p>\u00dcr\u00fcn \u00d6l\u00e7\u00fcleri;38cm &#8211; 28cm (\u0130\u00e7 Geni\u015fli\u011fi:10cm)<\/p>\n<p>\u00dcr\u00fcn D\u0131\u015f\u0131nda \u015e\u0130FREL\u0130 K\u0130L\u0130T bulunmaktad\u0131r.\u00dcr\u00fcn\u00fcn \u00d6n K\u0131sm\u0131nda 4 b\u00f6lme(Bir Adet Fermuarl\u0131 Olmak \u00dczere),3 adet KARTLIK,1 Adet K\u0130ML\u0130K koyma Haznesi mevcuttur.Ana K\u0131s\u0131mda\u00a0 ise 3 adet B\u00fcy\u00fck b\u00f6lme(1 Adet Fermuarl\u0131 olmak \u00fczere),3 Adet Kalemlik,2 Adet Cep Bulunmaktad\u0131r.\u00dcr\u00fcn Arkas\u0131nda 1 Adet Fermuarl\u0131 Hazne vard\u0131r.<\/p>\n<p>\u00dcr\u00fcn\u00fcm\u00fcz Elde ve Omuzda Ta\u015f\u0131nmaya Uygundur.(\u00dcr\u00fcn \u0130\u00e7erisinde Omuzda Ta\u015f\u0131mak \u0130\u00e7in Ask\u0131l\u0131\u011f\u0131 Mevcuttur.)<\/p>\n<p>Farkl\u0131 Bask\u0131 ve Renk Se\u00e7enekleri Vard\u0131r.<\/p>\n<p>,<\/p>\n","protected":false},"excerpt":{"rendered":"<p><em><strong>#KaliteyiBa\u015fkaYerdeArama<\/strong><\/em><\/p>\n<h6>Renk: S\u0130YAH<\/h6>\n<h6>Kod: 1012<\/h6>\n<h6>Marka: DER\u0130MO LEATHER<\/h6>\n","protected":false},"featured_media":10444,"comment_status":"open","ping_status":"closed","template":"","meta":[],"product_cat":[64],"product_tag":[],"_links":{"self":[{"href":"https:\/\/derimoshop.com\/index.php\/wp-json\/wp\/v2\/product\/10443"}],"collection":[{"href":"https:\/\/derimoshop.com\/index.php\/wp-json\/wp\/v2\/product"}],"about":[{"href":"https:\/\/derimoshop.com\/index.php\/wp-json\/wp\/v2\/types\/product"}],"replies":[{"embeddable":true,"href":"https:\/\/derimoshop.com\/index.php\/wp-json\/wp\/v2\/comments?post=10443"}],"wp:featuredmedia":[{"embeddable":true,"href":"https:\/\/derimoshop.com\/index.php\/wp-json\/wp\/v2\/media\/10444"}],"wp:attachment":[{"href":"https:\/\/derimoshop.com\/index.php\/wp-json\/wp\/v2\/media?parent=10443"}],"wp:term":[{"taxonomy":"product_cat","embeddable":true,"href":"https:\/\/derimoshop.com\/index.php\/wp-json\/wp\/v2\/product_cat?post=10443"},{"taxonomy":"product_tag","embeddable":true,"href":"https:\/\/derimoshop.com\/index.php\/wp-json\/wp\/v2\/product_tag?post=10443"}],"curies":[{"name":"wp","href":"https:\/\/api.w.org\/{rel}","templated":true}]}}