{"id":10023,"date":"2022-03-01T14:15:10","date_gmt":"2022-03-01T11:15:10","guid":{"rendered":"https:\/\/derimoshop.com\/?post_type=product&#038;p=10023"},"modified":"2024-05-23T16:21:21","modified_gmt":"2024-05-23T13:21:21","slug":"derimoshop-deri-evrak-cantasi-12","status":"publish","type":"product","link":"https:\/\/derimoshop.com\/index.php\/product\/derimoshop-deri-evrak-cantasi-12\/","title":{"rendered":"DerimoShop Deri Evrak \u00c7antas\u0131"},"content":{"rendered":"<p><strong>Hakiki Deriden \u0130mal Edilmi\u015ftir.<\/strong><\/p>\n<p><strong>Metal Aksesuar Kullan\u0131lm\u0131\u015ft\u0131r.<\/strong><\/p>\n<p><strong>Farkl\u0131 Bask\u0131 ve Renk Se\u00e7enekleri Bulunmaktad\u0131r.<\/strong><\/p>\n<p><strong>\u00dcr\u00fcn \u00d6l\u00e7\u00fcleri ; 41cm \u2013\u00a0 31cm<\/strong><\/p>\n<p><strong>\u00dcr\u00fcn \u0130\u00e7inde; iki Ayr\u0131 B\u00f6lme,2 Adet Kalemlik , Biri Fermuarl\u0131 Olmak \u00dczere 3 Adet Cep Bulunmaktad\u0131r.<\/strong><\/p>\n","protected":false},"excerpt":{"rendered":"<h4>#<em>KaliteyiBa\u015fkaYerdeArama<\/em><\/h4>\n<h6>Renk: LAC\u0130VERT (\u00d6RG\u00dc BASKI)<\/h6>\n<h6>Kod: 1022<\/h6>\n<h6>Marka: DER\u0130MO LEATHER<\/h6>\n","protected":false},"featured_media":10014,"comment_status":"open","ping_status":"closed","template":"","meta":[],"product_cat":[64],"product_tag":[],"_links":{"self":[{"href":"https:\/\/derimoshop.com\/index.php\/wp-json\/wp\/v2\/product\/10023"}],"collection":[{"href":"https:\/\/derimoshop.com\/index.php\/wp-json\/wp\/v2\/product"}],"about":[{"href":"https:\/\/derimoshop.com\/index.php\/wp-json\/wp\/v2\/types\/product"}],"replies":[{"embeddable":true,"href":"https:\/\/derimoshop.com\/index.php\/wp-json\/wp\/v2\/comments?post=10023"}],"wp:featuredmedia":[{"embeddable":true,"href":"https:\/\/derimoshop.com\/index.php\/wp-json\/wp\/v2\/media\/10014"}],"wp:attachment":[{"href":"https:\/\/derimoshop.com\/index.php\/wp-json\/wp\/v2\/media?parent=10023"}],"wp:term":[{"taxonomy":"product_cat","embeddable":true,"href":"https:\/\/derimoshop.com\/index.php\/wp-json\/wp\/v2\/product_cat?post=10023"},{"taxonomy":"product_tag","embeddable":true,"href":"https:\/\/derimoshop.com\/index.php\/wp-json\/wp\/v2\/product_tag?post=10023"}],"curies":[{"name":"wp","href":"https:\/\/api.w.org\/{rel}","templated":true}]}}